{"id":3129,"date":"2015-07-17T13:04:30","date_gmt":"2015-07-17T12:04:30","guid":{"rendered":"http:\/\/www.cepha-rh.com\/notre-methodologie\/"},"modified":"2017-03-30T10:14:28","modified_gmt":"2017-03-30T09:14:28","slug":"onze-methodologie","status":"publish","type":"page","link":"https:\/\/cepha-rh.com\/nl\/onze-methodologie\/","title":{"rendered":"Onze methodologie"},"content":{"rendered":"<p>De eigenheid van CEPHA\u00ae schuilt\u00a0in onze originele en doeltreffende methodologie.\u2026<\/p>\n<a href=\"http:\/\/wp.me\/P8bjF8-OS\" class=\"btn btn-success btn-lg pt-sm pr-md pb-sm pl-md animated fadeInUp\">Meer lezen<\/a>\n","protected":false},"excerpt":{"rendered":"<p>De eigenheid van CEPHA\u00ae schuilt\u00a0in onze originele en doeltreffende methodologie.\u2026<\/p>\n","protected":false},"author":10,"featured_media":3249,"parent":0,"menu_order":32,"comment_status":"closed","ping_status":"closed","template":"templates\/page-section.php","meta":{"jetpack_post_was_ever_published":false,"footnotes":""},"class_list":["post-3129","page","type-page","status-publish","has-post-thumbnail","hentry"],"yoast_head":"<!-- This site is optimized with the Yoast SEO plugin v27.2 - https:\/\/yoast.com\/product\/yoast-seo-wordpress\/ -->\n<title>La m\u00e9thodologie CEPHA<\/title>\n<meta name=\"description\" content=\"La sp\u00e9cificit\u00e9 du Cepha r\u00e9side dans sa m\u00e9thodologie originale et efficace. La m\u00e9thode morpho-s\u00e9miologique donne sens aux formes.\" \/>\n<meta name=\"robots\" content=\"index, follow, max-snippet:-1, max-image-preview:large, max-video-preview:-1\" \/>\n<link rel=\"canonical\" href=\"https:\/\/cepha-rh.com\/nl\/onze-methodologie\/\" \/>\n<meta property=\"og:locale\" content=\"nl_NL\" \/>\n<meta property=\"og:type\" content=\"article\" \/>\n<meta property=\"og:title\" content=\"La m\u00e9thodologie CEPHA\" \/>\n<meta property=\"og:description\" content=\"La sp\u00e9cificit\u00e9 du Cepha r\u00e9side dans sa m\u00e9thodologie originale et efficace. La m\u00e9thode morpho-s\u00e9miologique donne sens aux formes.\" \/>\n<meta property=\"og:url\" content=\"https:\/\/cepha-rh.com\/nl\/onze-methodologie\/\" \/>\n<meta property=\"og:site_name\" content=\"Cepha\" \/>\n<meta property=\"article:publisher\" content=\"https:\/\/www.facebook.com\/cephaservices\/?fref=ts\" \/>\n<meta property=\"article:modified_time\" content=\"2017-03-30T09:14:28+00:00\" \/>\n<meta property=\"og:image\" content=\"https:\/\/i0.wp.com\/cepha-rh.com\/wp-content\/uploads\/2015\/07\/Capture-d\u2019\u00e9cran-2017-03-29-\u00e0-11.55.35.png?fit=897%2C599&ssl=1\" \/>\n\t<meta property=\"og:image:width\" content=\"897\" \/>\n\t<meta property=\"og:image:height\" content=\"599\" \/>\n\t<meta property=\"og:image:type\" content=\"image\/png\" \/>\n<meta name=\"twitter:card\" content=\"summary_large_image\" \/>\n<script type=\"application\/ld+json\" class=\"yoast-schema-graph\">{\"@context\":\"https:\/\/schema.org\",\"@graph\":[{\"@type\":\"WebPage\",\"@id\":\"https:\/\/cepha-rh.com\/nl\/onze-methodologie\/\",\"url\":\"https:\/\/cepha-rh.com\/nl\/onze-methodologie\/\",\"name\":\"La m\u00e9thodologie CEPHA\",\"isPartOf\":{\"@id\":\"https:\/\/cepha-rh.com\/nl\/#website\"},\"primaryImageOfPage\":{\"@id\":\"https:\/\/cepha-rh.com\/nl\/onze-methodologie\/#primaryimage\"},\"image\":{\"@id\":\"https:\/\/cepha-rh.com\/nl\/onze-methodologie\/#primaryimage\"},\"thumbnailUrl\":\"https:\/\/i0.wp.com\/cepha-rh.com\/wp-content\/uploads\/2015\/07\/Capture-d%E2%80%99%C3%A9cran-2017-03-29-%C3%A0-11.55.35.png?fit=897%2C599&ssl=1\",\"datePublished\":\"2015-07-17T12:04:30+00:00\",\"dateModified\":\"2017-03-30T09:14:28+00:00\",\"description\":\"La sp\u00e9cificit\u00e9 du Cepha r\u00e9side dans sa m\u00e9thodologie originale et efficace. La m\u00e9thode morpho-s\u00e9miologique donne sens aux formes.\",\"breadcrumb\":{\"@id\":\"https:\/\/cepha-rh.com\/nl\/onze-methodologie\/#breadcrumb\"},\"inLanguage\":\"nl-NL\",\"potentialAction\":[{\"@type\":\"ReadAction\",\"target\":[\"https:\/\/cepha-rh.com\/nl\/onze-methodologie\/\"]}]},{\"@type\":\"ImageObject\",\"inLanguage\":\"nl-NL\",\"@id\":\"https:\/\/cepha-rh.com\/nl\/onze-methodologie\/#primaryimage\",\"url\":\"https:\/\/i0.wp.com\/cepha-rh.com\/wp-content\/uploads\/2015\/07\/Capture-d%E2%80%99%C3%A9cran-2017-03-29-%C3%A0-11.55.35.png?fit=897%2C599&ssl=1\",\"contentUrl\":\"https:\/\/i0.wp.com\/cepha-rh.com\/wp-content\/uploads\/2015\/07\/Capture-d%E2%80%99%C3%A9cran-2017-03-29-%C3%A0-11.55.35.png?fit=897%2C599&ssl=1\",\"width\":897,\"height\":599},{\"@type\":\"BreadcrumbList\",\"@id\":\"https:\/\/cepha-rh.com\/nl\/onze-methodologie\/#breadcrumb\",\"itemListElement\":[{\"@type\":\"ListItem\",\"position\":1,\"name\":\"Accueil\",\"item\":\"https:\/\/cepha-rh.com\/nl\/\"},{\"@type\":\"ListItem\",\"position\":2,\"name\":\"Onze methodologie\"}]},{\"@type\":\"WebSite\",\"@id\":\"https:\/\/cepha-rh.com\/nl\/#website\",\"url\":\"https:\/\/cepha-rh.com\/nl\/\",\"name\":\"Cepha\",\"description\":\"Bureau de conseil en ressources humaines (recrutement, orientation scolaire, etc.) pour les entreprises et les particuliers.\",\"publisher\":{\"@id\":\"https:\/\/cepha-rh.com\/nl\/#organization\"},\"potentialAction\":[{\"@type\":\"SearchAction\",\"target\":{\"@type\":\"EntryPoint\",\"urlTemplate\":\"https:\/\/cepha-rh.com\/nl\/?s={search_term_string}\"},\"query-input\":{\"@type\":\"PropertyValueSpecification\",\"valueRequired\":true,\"valueName\":\"search_term_string\"}}],\"inLanguage\":\"nl-NL\"},{\"@type\":\"Organization\",\"@id\":\"https:\/\/cepha-rh.com\/nl\/#organization\",\"name\":\"CEPHA\",\"url\":\"https:\/\/cepha-rh.com\/nl\/\",\"logo\":{\"@type\":\"ImageObject\",\"inLanguage\":\"nl-NL\",\"@id\":\"https:\/\/cepha-rh.com\/nl\/#\/schema\/logo\/image\/\",\"url\":\"https:\/\/i0.wp.com\/cepha-rh.com\/wp-content\/uploads\/2017\/05\/12549082_1787445001482828_517501795286682056_n.png?fit=960%2C960&ssl=1\",\"contentUrl\":\"https:\/\/i0.wp.com\/cepha-rh.com\/wp-content\/uploads\/2017\/05\/12549082_1787445001482828_517501795286682056_n.png?fit=960%2C960&ssl=1\",\"width\":960,\"height\":960,\"caption\":\"CEPHA\"},\"image\":{\"@id\":\"https:\/\/cepha-rh.com\/nl\/#\/schema\/logo\/image\/\"},\"sameAs\":[\"https:\/\/www.facebook.com\/cephaservices\/?fref=ts\",\"https:\/\/www.linkedin.com\/company-beta\/3144963\/\"]}]}<\/script>\n<!-- \/ Yoast SEO plugin. -->","yoast_head_json":{"title":"La m\u00e9thodologie CEPHA","description":"La sp\u00e9cificit\u00e9 du Cepha r\u00e9side dans sa m\u00e9thodologie originale et efficace. La m\u00e9thode morpho-s\u00e9miologique donne sens aux formes.","robots":{"index":"index","follow":"follow","max-snippet":"max-snippet:-1","max-image-preview":"max-image-preview:large","max-video-preview":"max-video-preview:-1"},"canonical":"https:\/\/cepha-rh.com\/nl\/onze-methodologie\/","og_locale":"nl_NL","og_type":"article","og_title":"La m\u00e9thodologie CEPHA","og_description":"La sp\u00e9cificit\u00e9 du Cepha r\u00e9side dans sa m\u00e9thodologie originale et efficace. La m\u00e9thode morpho-s\u00e9miologique donne sens aux formes.","og_url":"https:\/\/cepha-rh.com\/nl\/onze-methodologie\/","og_site_name":"Cepha","article_publisher":"https:\/\/www.facebook.com\/cephaservices\/?fref=ts","article_modified_time":"2017-03-30T09:14:28+00:00","og_image":[{"width":897,"height":599,"url":"https:\/\/i0.wp.com\/cepha-rh.com\/wp-content\/uploads\/2015\/07\/Capture-d\u2019\u00e9cran-2017-03-29-\u00e0-11.55.35.png?fit=897%2C599&ssl=1","type":"image\/png"}],"twitter_card":"summary_large_image","schema":{"@context":"https:\/\/schema.org","@graph":[{"@type":"WebPage","@id":"https:\/\/cepha-rh.com\/nl\/onze-methodologie\/","url":"https:\/\/cepha-rh.com\/nl\/onze-methodologie\/","name":"La m\u00e9thodologie CEPHA","isPartOf":{"@id":"https:\/\/cepha-rh.com\/nl\/#website"},"primaryImageOfPage":{"@id":"https:\/\/cepha-rh.com\/nl\/onze-methodologie\/#primaryimage"},"image":{"@id":"https:\/\/cepha-rh.com\/nl\/onze-methodologie\/#primaryimage"},"thumbnailUrl":"https:\/\/i0.wp.com\/cepha-rh.com\/wp-content\/uploads\/2015\/07\/Capture-d%E2%80%99%C3%A9cran-2017-03-29-%C3%A0-11.55.35.png?fit=897%2C599&ssl=1","datePublished":"2015-07-17T12:04:30+00:00","dateModified":"2017-03-30T09:14:28+00:00","description":"La sp\u00e9cificit\u00e9 du Cepha r\u00e9side dans sa m\u00e9thodologie originale et efficace. La m\u00e9thode morpho-s\u00e9miologique donne sens aux formes.","breadcrumb":{"@id":"https:\/\/cepha-rh.com\/nl\/onze-methodologie\/#breadcrumb"},"inLanguage":"nl-NL","potentialAction":[{"@type":"ReadAction","target":["https:\/\/cepha-rh.com\/nl\/onze-methodologie\/"]}]},{"@type":"ImageObject","inLanguage":"nl-NL","@id":"https:\/\/cepha-rh.com\/nl\/onze-methodologie\/#primaryimage","url":"https:\/\/i0.wp.com\/cepha-rh.com\/wp-content\/uploads\/2015\/07\/Capture-d%E2%80%99%C3%A9cran-2017-03-29-%C3%A0-11.55.35.png?fit=897%2C599&ssl=1","contentUrl":"https:\/\/i0.wp.com\/cepha-rh.com\/wp-content\/uploads\/2015\/07\/Capture-d%E2%80%99%C3%A9cran-2017-03-29-%C3%A0-11.55.35.png?fit=897%2C599&ssl=1","width":897,"height":599},{"@type":"BreadcrumbList","@id":"https:\/\/cepha-rh.com\/nl\/onze-methodologie\/#breadcrumb","itemListElement":[{"@type":"ListItem","position":1,"name":"Accueil","item":"https:\/\/cepha-rh.com\/nl\/"},{"@type":"ListItem","position":2,"name":"Onze methodologie"}]},{"@type":"WebSite","@id":"https:\/\/cepha-rh.com\/nl\/#website","url":"https:\/\/cepha-rh.com\/nl\/","name":"Cepha","description":"Bureau de conseil en ressources humaines (recrutement, orientation scolaire, etc.) pour les entreprises et les particuliers.","publisher":{"@id":"https:\/\/cepha-rh.com\/nl\/#organization"},"potentialAction":[{"@type":"SearchAction","target":{"@type":"EntryPoint","urlTemplate":"https:\/\/cepha-rh.com\/nl\/?s={search_term_string}"},"query-input":{"@type":"PropertyValueSpecification","valueRequired":true,"valueName":"search_term_string"}}],"inLanguage":"nl-NL"},{"@type":"Organization","@id":"https:\/\/cepha-rh.com\/nl\/#organization","name":"CEPHA","url":"https:\/\/cepha-rh.com\/nl\/","logo":{"@type":"ImageObject","inLanguage":"nl-NL","@id":"https:\/\/cepha-rh.com\/nl\/#\/schema\/logo\/image\/","url":"https:\/\/i0.wp.com\/cepha-rh.com\/wp-content\/uploads\/2017\/05\/12549082_1787445001482828_517501795286682056_n.png?fit=960%2C960&ssl=1","contentUrl":"https:\/\/i0.wp.com\/cepha-rh.com\/wp-content\/uploads\/2017\/05\/12549082_1787445001482828_517501795286682056_n.png?fit=960%2C960&ssl=1","width":960,"height":960,"caption":"CEPHA"},"image":{"@id":"https:\/\/cepha-rh.com\/nl\/#\/schema\/logo\/image\/"},"sameAs":["https:\/\/www.facebook.com\/cephaservices\/?fref=ts","https:\/\/www.linkedin.com\/company-beta\/3144963\/"]}]}},"jetpack_sharing_enabled":true,"jetpack_shortlink":"https:\/\/wp.me\/P8bjF8-Ot","jetpack-related-posts":[],"_links":{"self":[{"href":"https:\/\/cepha-rh.com\/nl\/wp-json\/wp\/v2\/pages\/3129","targetHints":{"allow":["GET"]}}],"collection":[{"href":"https:\/\/cepha-rh.com\/nl\/wp-json\/wp\/v2\/pages"}],"about":[{"href":"https:\/\/cepha-rh.com\/nl\/wp-json\/wp\/v2\/types\/page"}],"author":[{"embeddable":true,"href":"https:\/\/cepha-rh.com\/nl\/wp-json\/wp\/v2\/users\/10"}],"replies":[{"embeddable":true,"href":"https:\/\/cepha-rh.com\/nl\/wp-json\/wp\/v2\/comments?post=3129"}],"version-history":[{"count":2,"href":"https:\/\/cepha-rh.com\/nl\/wp-json\/wp\/v2\/pages\/3129\/revisions"}],"predecessor-version":[{"id":3225,"href":"https:\/\/cepha-rh.com\/nl\/wp-json\/wp\/v2\/pages\/3129\/revisions\/3225"}],"wp:featuredmedia":[{"embeddable":true,"href":"https:\/\/cepha-rh.com\/nl\/wp-json\/wp\/v2\/media\/3249"}],"wp:attachment":[{"href":"https:\/\/cepha-rh.com\/nl\/wp-json\/wp\/v2\/media?parent=3129"}],"curies":[{"name":"wp","href":"https:\/\/api.w.org\/{rel}","templated":true}]}}