{"id":3154,"date":"2015-09-01T10:05:02","date_gmt":"2015-09-01T09:05:02","guid":{"rendered":"http:\/\/www.cepha-rh.com\/concept-morpho-semiologie\/"},"modified":"2017-03-30T10:38:30","modified_gmt":"2017-03-30T09:38:30","slug":"morfo-semiologisch-concept","status":"publish","type":"page","link":"https:\/\/cepha-rh.com\/nl\/morfo-semiologisch-concept\/","title":{"rendered":"Morfo-semiologisch concept\u00a9"},"content":{"rendered":"<div class=\"page\" title=\"Page 1\">\n<div class=\"layoutArea\">\n<div class=\"column\">\n<p><strong>De morpho-s\u00e9miologie\u00a9\u00a0is een methode die ontwikkeld werd door Bernard VIVIER in 1984. Deze vertrekt vanuit het principe dat elke &#8216;materi\u00eble&#8217; en &#8216;levende&#8217; vorm beschouwd wordt als een &#8216;dynamische drager van informatie&#8217;. Deze wordt dus gedefinieerd als een zoektocht naar mogelijke betekenissen<\/strong>\u00a0(semiologie)\u00a0<strong>van verschillende vormen<\/strong>\u00a0(&#8216;morfo&#8217; van het Oudgriekse &#8216;Moph\u00e8&#8217;, in de betekenis van &#8216;vorm&#8217; ten opzichte van het &#8216;binnenste&#8217;)\u00a0<strong>van de uitdrukking<\/strong>\u00a0(in de meest volledige en meest diepgaande betekenis van de term)\u00a0<strong>en verwachtingen van personen en ondernemingen.<\/strong><\/p>\n<p>Ze neemt drie analyseniveaus in aanmerking:<\/p>\n<ul>\n<li>het\u00a0<strong>gemanifesteerde<\/strong>\u00a0(vrijwillig of onvrijwillig)<\/li>\n<li>het\u00a0<strong>niet-gemanifesteerde<\/strong>\u00a0(hetzij ingehouden, hetzij verborgen, hetzij ongekende) van de persoon of de onderneming<\/li>\n<li>het\u00a0<strong>geprojecteerde<\/strong>\u00a0(steeds onvrijwillig).<\/li>\n<\/ul>\n<p>Voor wat betreft de studie van personen is de morpho-s\u00e9miologie\u00a9 ge\u00efnspireerd op, een samenvatting, een afstemming en een verlengstuk van talrijke antieke en meer recente disciplines die gericht zijn op de kennis van de bewuste en onbewuste identiteit van personen en het ontcijferen van hun verbale en non-verbale uitdrukkingen zoals de psycho-morfologie, de (tele)antropologie, de algemene semantiek, de psychoanalyse, de projectieve symboliek, het gestalt-principe, de grafologie, de gestuologie, de chirologie, de studie van de nagels, de typologie, de psychobiologie, de iridologie, de objectuologie, de neurolingu\u00efstieke programmering, de transactionele analyse, het behaviorisme, de psychometrie, de biometrie, de neuro-cognitieve wetenschappen.<\/p>\n<p><strong>De\u00a0morpho-s\u00e9miologie<\/strong>\u00a9 wordt toegepast op personen en ondernemingen. De tools die dienen om de individuele werking beter te begrijpen kunnen ook toegepast worden op de werking van ondernemingen aangezien deze laatste slechts &#8216;projecties&#8217; zijn van wat gebeurt in de menselijke hersenen.<\/p>\n<p>Ze onderzoekt:<\/p>\n<ul>\n<li>op individueel niveau zowel de vorm van ons gezicht als dat van ons geschrift, onze handtekening, onze gebaren, onze spraak, onze juwelen, onze kledij, ons kapsel, ons huis, onze wagen, onze artistieke voorkeuren, onze schoolse en sportieve ori\u00ebntaties, onze ziekten, onze ongevallen, ons &#8216;keuzes&#8217; op professioneel en liefdesvlak&#8230;<\/li>\n<li>op het niveau van ondernemingen evenzeer de architecturale vorm van de materi\u00eble infrastructuren (gebouwen, meubels, voertuigen&#8230;) als de vorm van logo&#8217;s, de kledingstijl, de uniformen, het publiciteitsmaterialen en de publiciteitsteksten, de televisuele verschijningen, de vorm van het organigram, de managementstijl, de besluitneming, het type interne communicatie&#8230;<\/li>\n<\/ul>\n<p>Al deze &#8216;vormen&#8217; worden steeds beschouwd als &#8216;uitingsvormen van onszelf&#8217; (wat &#8216;niet-gezegd wordt&#8217; bestaat in principe niet volgens ons) om te trachten de samenhang ervan te begrijpen en te aanvaarden, om ons beter bewust te worden van onze zelfconditioneringen en ons gedrag te richten en onze bedrijven te beheren met de grootste helderheid, doeltreffendheid en verantwoordelijkheid.<\/p>\n<p>Ze gaat van de stelling uit dat echte communicatie vaak veel zeldzamer is dan we denken en dat we onbewust vaak beroep doen op de andere en op de externe realiteit om met onszelf te praten en onze eigen imperfecties te corrigeren om te beantwoorden aan de absolute noodzaak ons persoonlijk te ontwikkelen en de organisatie van onze structuren te verbeteren.<\/p>\n<p>Overeenkomstig de opleiding van de Algemene Semantiek tot slot aanvaardt deze het permanente risico te beheren van het overwegen van de onzekerheid van de interpretatiehypotheses.<\/p>\n<\/div>\n<\/div>\n<\/div>\n","protected":false},"excerpt":{"rendered":"<p>De morpho-s\u00e9miologie\u00a9\u00a0is een methode die ontwikkeld werd door Bernard VIVIER in 1984. Deze vertrekt vanuit het principe dat elke &#8216;materi\u00eble&#8217; en &#8216;levende&#8217; vorm beschouwd wordt als een &#8216;dynamische drager van informatie&#8217;. Deze wordt dus gedefinieerd als een zoektocht naar mogelijke betekenissen\u00a0(semiologie)\u00a0van verschillende vormen\u00a0(&#8216;morfo&#8217; van het Oudgriekse &#8216;Moph\u00e8&#8217;, in de betekenis van &#8216;vorm&#8217; ten opzichte van [&hellip;]<\/p>\n","protected":false},"author":6,"featured_media":2669,"parent":0,"menu_order":10,"comment_status":"closed","ping_status":"closed","template":"templates\/page-narrow.php","meta":{"jetpack_post_was_ever_published":false,"footnotes":""},"class_list":["post-3154","page","type-page","status-publish","has-post-thumbnail","hentry"],"yoast_head":"<!-- This site is optimized with the Yoast SEO plugin v27.5 - https:\/\/yoast.com\/product\/yoast-seo-wordpress\/ -->\n<title>morpho-s\u00e9miologie<\/title>\n<meta name=\"description\" content=\"La morpho-s\u00e9miologie se d\u00e9finit comme une recherche des significations possibles des formes d\u2019expression et d\u2019attentes des individus et des entreprises.\" \/>\n<meta name=\"robots\" content=\"index, follow, max-snippet:-1, max-image-preview:large, max-video-preview:-1\" \/>\n<link rel=\"canonical\" href=\"https:\/\/cepha-rh.com\/nl\/morfo-semiologisch-concept\/\" \/>\n<meta property=\"og:locale\" content=\"nl_NL\" \/>\n<meta property=\"og:type\" content=\"article\" \/>\n<meta property=\"og:title\" content=\"morpho-s\u00e9miologie\" \/>\n<meta property=\"og:description\" content=\"La morpho-s\u00e9miologie se d\u00e9finit comme une recherche des significations possibles des formes d\u2019expression et d\u2019attentes des individus et des entreprises.\" \/>\n<meta property=\"og:url\" content=\"https:\/\/cepha-rh.com\/nl\/morfo-semiologisch-concept\/\" \/>\n<meta property=\"og:site_name\" content=\"Cepha\" \/>\n<meta property=\"article:publisher\" content=\"https:\/\/www.facebook.com\/cephaservices\/?fref=ts\" \/>\n<meta property=\"article:modified_time\" content=\"2017-03-30T09:38:30+00:00\" \/>\n<meta property=\"og:image\" content=\"https:\/\/i0.wp.com\/cepha-rh.com\/wp-content\/uploads\/2015\/09\/Fotolia_86189214_M.jpg?fit=1378%2C1378&ssl=1\" \/>\n\t<meta property=\"og:image:width\" content=\"1378\" \/>\n\t<meta property=\"og:image:height\" content=\"1378\" \/>\n\t<meta property=\"og:image:type\" content=\"image\/jpeg\" \/>\n<meta name=\"twitter:card\" content=\"summary_large_image\" \/>\n<meta name=\"twitter:label1\" content=\"Geschatte leestijd\" \/>\n\t<meta name=\"twitter:data1\" content=\"2 minuten\" \/>\n<script type=\"application\/ld+json\" class=\"yoast-schema-graph\">{\"@context\":\"https:\\\/\\\/schema.org\",\"@graph\":[{\"@type\":\"WebPage\",\"@id\":\"https:\\\/\\\/cepha-rh.com\\\/nl\\\/morfo-semiologisch-concept\\\/\",\"url\":\"https:\\\/\\\/cepha-rh.com\\\/nl\\\/morfo-semiologisch-concept\\\/\",\"name\":\"morpho-s\u00e9miologie\",\"isPartOf\":{\"@id\":\"https:\\\/\\\/cepha-rh.com\\\/nl\\\/#website\"},\"primaryImageOfPage\":{\"@id\":\"https:\\\/\\\/cepha-rh.com\\\/nl\\\/morfo-semiologisch-concept\\\/#primaryimage\"},\"image\":{\"@id\":\"https:\\\/\\\/cepha-rh.com\\\/nl\\\/morfo-semiologisch-concept\\\/#primaryimage\"},\"thumbnailUrl\":\"https:\\\/\\\/i0.wp.com\\\/cepha-rh.com\\\/wp-content\\\/uploads\\\/2015\\\/09\\\/Fotolia_86189214_M.jpg?fit=1378%2C1378&ssl=1\",\"datePublished\":\"2015-09-01T09:05:02+00:00\",\"dateModified\":\"2017-03-30T09:38:30+00:00\",\"description\":\"La morpho-s\u00e9miologie se d\u00e9finit comme une recherche des significations possibles des formes d\u2019expression et d\u2019attentes des individus et des entreprises.\",\"breadcrumb\":{\"@id\":\"https:\\\/\\\/cepha-rh.com\\\/nl\\\/morfo-semiologisch-concept\\\/#breadcrumb\"},\"inLanguage\":\"nl-NL\",\"potentialAction\":[{\"@type\":\"ReadAction\",\"target\":[\"https:\\\/\\\/cepha-rh.com\\\/nl\\\/morfo-semiologisch-concept\\\/\"]}]},{\"@type\":\"ImageObject\",\"inLanguage\":\"nl-NL\",\"@id\":\"https:\\\/\\\/cepha-rh.com\\\/nl\\\/morfo-semiologisch-concept\\\/#primaryimage\",\"url\":\"https:\\\/\\\/i0.wp.com\\\/cepha-rh.com\\\/wp-content\\\/uploads\\\/2015\\\/09\\\/Fotolia_86189214_M.jpg?fit=1378%2C1378&ssl=1\",\"contentUrl\":\"https:\\\/\\\/i0.wp.com\\\/cepha-rh.com\\\/wp-content\\\/uploads\\\/2015\\\/09\\\/Fotolia_86189214_M.jpg?fit=1378%2C1378&ssl=1\",\"width\":1378,\"height\":1378,\"caption\":\"morpho-s\u00e9miologie\"},{\"@type\":\"BreadcrumbList\",\"@id\":\"https:\\\/\\\/cepha-rh.com\\\/nl\\\/morfo-semiologisch-concept\\\/#breadcrumb\",\"itemListElement\":[{\"@type\":\"ListItem\",\"position\":1,\"name\":\"Accueil\",\"item\":\"https:\\\/\\\/cepha-rh.com\\\/nl\\\/\"},{\"@type\":\"ListItem\",\"position\":2,\"name\":\"Morfo-semiologisch concept\u00a9\"}]},{\"@type\":\"WebSite\",\"@id\":\"https:\\\/\\\/cepha-rh.com\\\/nl\\\/#website\",\"url\":\"https:\\\/\\\/cepha-rh.com\\\/nl\\\/\",\"name\":\"Cepha\",\"description\":\"Bureau de conseil en ressources humaines (recrutement, orientation scolaire, etc.) pour les entreprises et les particuliers.\",\"publisher\":{\"@id\":\"https:\\\/\\\/cepha-rh.com\\\/nl\\\/#organization\"},\"potentialAction\":[{\"@type\":\"SearchAction\",\"target\":{\"@type\":\"EntryPoint\",\"urlTemplate\":\"https:\\\/\\\/cepha-rh.com\\\/nl\\\/?s={search_term_string}\"},\"query-input\":{\"@type\":\"PropertyValueSpecification\",\"valueRequired\":true,\"valueName\":\"search_term_string\"}}],\"inLanguage\":\"nl-NL\"},{\"@type\":\"Organization\",\"@id\":\"https:\\\/\\\/cepha-rh.com\\\/nl\\\/#organization\",\"name\":\"CEPHA\",\"url\":\"https:\\\/\\\/cepha-rh.com\\\/nl\\\/\",\"logo\":{\"@type\":\"ImageObject\",\"inLanguage\":\"nl-NL\",\"@id\":\"https:\\\/\\\/cepha-rh.com\\\/nl\\\/#\\\/schema\\\/logo\\\/image\\\/\",\"url\":\"https:\\\/\\\/i0.wp.com\\\/cepha-rh.com\\\/wp-content\\\/uploads\\\/2017\\\/05\\\/12549082_1787445001482828_517501795286682056_n.png?fit=960%2C960&ssl=1\",\"contentUrl\":\"https:\\\/\\\/i0.wp.com\\\/cepha-rh.com\\\/wp-content\\\/uploads\\\/2017\\\/05\\\/12549082_1787445001482828_517501795286682056_n.png?fit=960%2C960&ssl=1\",\"width\":960,\"height\":960,\"caption\":\"CEPHA\"},\"image\":{\"@id\":\"https:\\\/\\\/cepha-rh.com\\\/nl\\\/#\\\/schema\\\/logo\\\/image\\\/\"},\"sameAs\":[\"https:\\\/\\\/www.facebook.com\\\/cephaservices\\\/?fref=ts\",\"https:\\\/\\\/www.linkedin.com\\\/company-beta\\\/3144963\\\/\"]}]}<\/script>\n<!-- \/ Yoast SEO plugin. -->","yoast_head_json":{"title":"morpho-s\u00e9miologie","description":"La morpho-s\u00e9miologie se d\u00e9finit comme une recherche des significations possibles des formes d\u2019expression et d\u2019attentes des individus et des entreprises.","robots":{"index":"index","follow":"follow","max-snippet":"max-snippet:-1","max-image-preview":"max-image-preview:large","max-video-preview":"max-video-preview:-1"},"canonical":"https:\/\/cepha-rh.com\/nl\/morfo-semiologisch-concept\/","og_locale":"nl_NL","og_type":"article","og_title":"morpho-s\u00e9miologie","og_description":"La morpho-s\u00e9miologie se d\u00e9finit comme une recherche des significations possibles des formes d\u2019expression et d\u2019attentes des individus et des entreprises.","og_url":"https:\/\/cepha-rh.com\/nl\/morfo-semiologisch-concept\/","og_site_name":"Cepha","article_publisher":"https:\/\/www.facebook.com\/cephaservices\/?fref=ts","article_modified_time":"2017-03-30T09:38:30+00:00","og_image":[{"width":1378,"height":1378,"url":"https:\/\/i0.wp.com\/cepha-rh.com\/wp-content\/uploads\/2015\/09\/Fotolia_86189214_M.jpg?fit=1378%2C1378&ssl=1","type":"image\/jpeg"}],"twitter_card":"summary_large_image","twitter_misc":{"Geschatte leestijd":"2 minuten"},"schema":{"@context":"https:\/\/schema.org","@graph":[{"@type":"WebPage","@id":"https:\/\/cepha-rh.com\/nl\/morfo-semiologisch-concept\/","url":"https:\/\/cepha-rh.com\/nl\/morfo-semiologisch-concept\/","name":"morpho-s\u00e9miologie","isPartOf":{"@id":"https:\/\/cepha-rh.com\/nl\/#website"},"primaryImageOfPage":{"@id":"https:\/\/cepha-rh.com\/nl\/morfo-semiologisch-concept\/#primaryimage"},"image":{"@id":"https:\/\/cepha-rh.com\/nl\/morfo-semiologisch-concept\/#primaryimage"},"thumbnailUrl":"https:\/\/i0.wp.com\/cepha-rh.com\/wp-content\/uploads\/2015\/09\/Fotolia_86189214_M.jpg?fit=1378%2C1378&ssl=1","datePublished":"2015-09-01T09:05:02+00:00","dateModified":"2017-03-30T09:38:30+00:00","description":"La morpho-s\u00e9miologie se d\u00e9finit comme une recherche des significations possibles des formes d\u2019expression et d\u2019attentes des individus et des entreprises.","breadcrumb":{"@id":"https:\/\/cepha-rh.com\/nl\/morfo-semiologisch-concept\/#breadcrumb"},"inLanguage":"nl-NL","potentialAction":[{"@type":"ReadAction","target":["https:\/\/cepha-rh.com\/nl\/morfo-semiologisch-concept\/"]}]},{"@type":"ImageObject","inLanguage":"nl-NL","@id":"https:\/\/cepha-rh.com\/nl\/morfo-semiologisch-concept\/#primaryimage","url":"https:\/\/i0.wp.com\/cepha-rh.com\/wp-content\/uploads\/2015\/09\/Fotolia_86189214_M.jpg?fit=1378%2C1378&ssl=1","contentUrl":"https:\/\/i0.wp.com\/cepha-rh.com\/wp-content\/uploads\/2015\/09\/Fotolia_86189214_M.jpg?fit=1378%2C1378&ssl=1","width":1378,"height":1378,"caption":"morpho-s\u00e9miologie"},{"@type":"BreadcrumbList","@id":"https:\/\/cepha-rh.com\/nl\/morfo-semiologisch-concept\/#breadcrumb","itemListElement":[{"@type":"ListItem","position":1,"name":"Accueil","item":"https:\/\/cepha-rh.com\/nl\/"},{"@type":"ListItem","position":2,"name":"Morfo-semiologisch concept\u00a9"}]},{"@type":"WebSite","@id":"https:\/\/cepha-rh.com\/nl\/#website","url":"https:\/\/cepha-rh.com\/nl\/","name":"Cepha","description":"Bureau de conseil en ressources humaines (recrutement, orientation scolaire, etc.) pour les entreprises et les particuliers.","publisher":{"@id":"https:\/\/cepha-rh.com\/nl\/#organization"},"potentialAction":[{"@type":"SearchAction","target":{"@type":"EntryPoint","urlTemplate":"https:\/\/cepha-rh.com\/nl\/?s={search_term_string}"},"query-input":{"@type":"PropertyValueSpecification","valueRequired":true,"valueName":"search_term_string"}}],"inLanguage":"nl-NL"},{"@type":"Organization","@id":"https:\/\/cepha-rh.com\/nl\/#organization","name":"CEPHA","url":"https:\/\/cepha-rh.com\/nl\/","logo":{"@type":"ImageObject","inLanguage":"nl-NL","@id":"https:\/\/cepha-rh.com\/nl\/#\/schema\/logo\/image\/","url":"https:\/\/i0.wp.com\/cepha-rh.com\/wp-content\/uploads\/2017\/05\/12549082_1787445001482828_517501795286682056_n.png?fit=960%2C960&ssl=1","contentUrl":"https:\/\/i0.wp.com\/cepha-rh.com\/wp-content\/uploads\/2017\/05\/12549082_1787445001482828_517501795286682056_n.png?fit=960%2C960&ssl=1","width":960,"height":960,"caption":"CEPHA"},"image":{"@id":"https:\/\/cepha-rh.com\/nl\/#\/schema\/logo\/image\/"},"sameAs":["https:\/\/www.facebook.com\/cephaservices\/?fref=ts","https:\/\/www.linkedin.com\/company-beta\/3144963\/"]}]}},"jetpack_sharing_enabled":true,"jetpack_shortlink":"https:\/\/wp.me\/P8bjF8-OS","jetpack-related-posts":[],"_links":{"self":[{"href":"https:\/\/cepha-rh.com\/nl\/wp-json\/wp\/v2\/pages\/3154","targetHints":{"allow":["GET"]}}],"collection":[{"href":"https:\/\/cepha-rh.com\/nl\/wp-json\/wp\/v2\/pages"}],"about":[{"href":"https:\/\/cepha-rh.com\/nl\/wp-json\/wp\/v2\/types\/page"}],"author":[{"embeddable":true,"href":"https:\/\/cepha-rh.com\/nl\/wp-json\/wp\/v2\/users\/6"}],"replies":[{"embeddable":true,"href":"https:\/\/cepha-rh.com\/nl\/wp-json\/wp\/v2\/comments?post=3154"}],"version-history":[{"count":2,"href":"https:\/\/cepha-rh.com\/nl\/wp-json\/wp\/v2\/pages\/3154\/revisions"}],"predecessor-version":[{"id":3254,"href":"https:\/\/cepha-rh.com\/nl\/wp-json\/wp\/v2\/pages\/3154\/revisions\/3254"}],"wp:featuredmedia":[{"embeddable":true,"href":"https:\/\/cepha-rh.com\/nl\/wp-json\/wp\/v2\/media\/2669"}],"wp:attachment":[{"href":"https:\/\/cepha-rh.com\/nl\/wp-json\/wp\/v2\/media?parent=3154"}],"curies":[{"name":"wp","href":"https:\/\/api.w.org\/{rel}","templated":true}]}}