{"id":3183,"date":"2015-09-03T14:45:13","date_gmt":"2015-09-03T13:45:13","guid":{"rendered":"http:\/\/www.cepha-rh.com\/orientation-scolaire-academique-professionnelle\/"},"modified":"2019-11-21T13:53:55","modified_gmt":"2019-11-21T12:53:55","slug":"schoolkeuze-hogere-studiekeuze-of-beroepskeuze","status":"publish","type":"page","link":"https:\/\/cepha-rh.com\/nl\/schoolkeuze-hogere-studiekeuze-of-beroepskeuze\/","title":{"rendered":"Schoolkeuze, hogere studiekeuze of beroepskeuze"},"content":{"rendered":"","protected":false},"excerpt":{"rendered":"","protected":false},"author":6,"featured_media":3847,"parent":0,"menu_order":19,"comment_status":"closed","ping_status":"closed","template":"templates\/page-narrow.php","meta":{"jetpack_post_was_ever_published":false,"footnotes":""},"class_list":["post-3183","page","type-page","status-publish","has-post-thumbnail","hentry"],"yoast_head":"<!-- This site is optimized with the Yoast SEO plugin v27.2 - https:\/\/yoast.com\/product\/yoast-seo-wordpress\/ -->\n<title>Orientation scolaire, acad\u00e9mique et professionnelle<\/title>\n<meta name=\"description\" content=\"Tu souhaites un conseil en orientation scolaire, acad\u00e9mique ou professionnelle efficace ? Les consultants RH du Cepha sont \u00e0 ta disposition !\" \/>\n<meta name=\"robots\" content=\"index, follow, max-snippet:-1, max-image-preview:large, max-video-preview:-1\" \/>\n<link rel=\"canonical\" href=\"https:\/\/cepha-rh.com\/nl\/schoolkeuze-hogere-studiekeuze-of-beroepskeuze\/\" \/>\n<meta property=\"og:locale\" content=\"nl_NL\" \/>\n<meta property=\"og:type\" content=\"article\" \/>\n<meta property=\"og:title\" content=\"Orientation scolaire, acad\u00e9mique et professionnelle\" \/>\n<meta property=\"og:description\" content=\"Tu souhaites un conseil en orientation scolaire, acad\u00e9mique ou professionnelle efficace ? Les consultants RH du Cepha sont \u00e0 ta disposition !\" \/>\n<meta property=\"og:url\" content=\"https:\/\/cepha-rh.com\/nl\/schoolkeuze-hogere-studiekeuze-of-beroepskeuze\/\" \/>\n<meta property=\"og:site_name\" content=\"Cepha\" \/>\n<meta property=\"article:publisher\" content=\"https:\/\/www.facebook.com\/cephaservices\/?fref=ts\" \/>\n<meta property=\"article:modified_time\" content=\"2019-11-21T12:53:55+00:00\" \/>\n<meta property=\"og:image\" content=\"https:\/\/i0.wp.com\/cepha-rh.com\/wp-content\/uploads\/2019\/11\/Fotolia_66971447_S-300x100.jpg?fit=300%2C100&ssl=1\" \/>\n\t<meta property=\"og:image:width\" content=\"300\" \/>\n\t<meta property=\"og:image:height\" content=\"100\" \/>\n\t<meta property=\"og:image:type\" content=\"image\/jpeg\" \/>\n<meta name=\"twitter:card\" content=\"summary_large_image\" \/>\n<script type=\"application\/ld+json\" class=\"yoast-schema-graph\">{\"@context\":\"https:\/\/schema.org\",\"@graph\":[{\"@type\":\"WebPage\",\"@id\":\"https:\/\/cepha-rh.com\/nl\/schoolkeuze-hogere-studiekeuze-of-beroepskeuze\/\",\"url\":\"https:\/\/cepha-rh.com\/nl\/schoolkeuze-hogere-studiekeuze-of-beroepskeuze\/\",\"name\":\"Orientation scolaire, acad\u00e9mique et professionnelle\",\"isPartOf\":{\"@id\":\"https:\/\/cepha-rh.com\/nl\/#website\"},\"primaryImageOfPage\":{\"@id\":\"https:\/\/cepha-rh.com\/nl\/schoolkeuze-hogere-studiekeuze-of-beroepskeuze\/#primaryimage\"},\"image\":{\"@id\":\"https:\/\/cepha-rh.com\/nl\/schoolkeuze-hogere-studiekeuze-of-beroepskeuze\/#primaryimage\"},\"thumbnailUrl\":\"https:\/\/i0.wp.com\/cepha-rh.com\/wp-content\/uploads\/2019\/11\/Fotolia_66971447_S-300x100.jpg?fit=300%2C100&ssl=1\",\"datePublished\":\"2015-09-03T13:45:13+00:00\",\"dateModified\":\"2019-11-21T12:53:55+00:00\",\"description\":\"Tu souhaites un conseil en orientation scolaire, acad\u00e9mique ou professionnelle efficace ? Les consultants RH du Cepha sont \u00e0 ta disposition !\",\"breadcrumb\":{\"@id\":\"https:\/\/cepha-rh.com\/nl\/schoolkeuze-hogere-studiekeuze-of-beroepskeuze\/#breadcrumb\"},\"inLanguage\":\"nl-NL\",\"potentialAction\":[{\"@type\":\"ReadAction\",\"target\":[\"https:\/\/cepha-rh.com\/nl\/schoolkeuze-hogere-studiekeuze-of-beroepskeuze\/\"]}]},{\"@type\":\"ImageObject\",\"inLanguage\":\"nl-NL\",\"@id\":\"https:\/\/cepha-rh.com\/nl\/schoolkeuze-hogere-studiekeuze-of-beroepskeuze\/#primaryimage\",\"url\":\"https:\/\/i0.wp.com\/cepha-rh.com\/wp-content\/uploads\/2019\/11\/Fotolia_66971447_S-300x100.jpg?fit=300%2C100&ssl=1\",\"contentUrl\":\"https:\/\/i0.wp.com\/cepha-rh.com\/wp-content\/uploads\/2019\/11\/Fotolia_66971447_S-300x100.jpg?fit=300%2C100&ssl=1\",\"width\":300,\"height\":100},{\"@type\":\"BreadcrumbList\",\"@id\":\"https:\/\/cepha-rh.com\/nl\/schoolkeuze-hogere-studiekeuze-of-beroepskeuze\/#breadcrumb\",\"itemListElement\":[{\"@type\":\"ListItem\",\"position\":1,\"name\":\"Accueil\",\"item\":\"https:\/\/cepha-rh.com\/nl\/\"},{\"@type\":\"ListItem\",\"position\":2,\"name\":\"Schoolkeuze, hogere studiekeuze of beroepskeuze\"}]},{\"@type\":\"WebSite\",\"@id\":\"https:\/\/cepha-rh.com\/nl\/#website\",\"url\":\"https:\/\/cepha-rh.com\/nl\/\",\"name\":\"Cepha\",\"description\":\"Bureau de conseil en ressources humaines (recrutement, orientation scolaire, etc.) pour les entreprises et les particuliers.\",\"publisher\":{\"@id\":\"https:\/\/cepha-rh.com\/nl\/#organization\"},\"potentialAction\":[{\"@type\":\"SearchAction\",\"target\":{\"@type\":\"EntryPoint\",\"urlTemplate\":\"https:\/\/cepha-rh.com\/nl\/?s={search_term_string}\"},\"query-input\":{\"@type\":\"PropertyValueSpecification\",\"valueRequired\":true,\"valueName\":\"search_term_string\"}}],\"inLanguage\":\"nl-NL\"},{\"@type\":\"Organization\",\"@id\":\"https:\/\/cepha-rh.com\/nl\/#organization\",\"name\":\"CEPHA\",\"url\":\"https:\/\/cepha-rh.com\/nl\/\",\"logo\":{\"@type\":\"ImageObject\",\"inLanguage\":\"nl-NL\",\"@id\":\"https:\/\/cepha-rh.com\/nl\/#\/schema\/logo\/image\/\",\"url\":\"https:\/\/i0.wp.com\/cepha-rh.com\/wp-content\/uploads\/2017\/05\/12549082_1787445001482828_517501795286682056_n.png?fit=960%2C960&ssl=1\",\"contentUrl\":\"https:\/\/i0.wp.com\/cepha-rh.com\/wp-content\/uploads\/2017\/05\/12549082_1787445001482828_517501795286682056_n.png?fit=960%2C960&ssl=1\",\"width\":960,\"height\":960,\"caption\":\"CEPHA\"},\"image\":{\"@id\":\"https:\/\/cepha-rh.com\/nl\/#\/schema\/logo\/image\/\"},\"sameAs\":[\"https:\/\/www.facebook.com\/cephaservices\/?fref=ts\",\"https:\/\/www.linkedin.com\/company-beta\/3144963\/\"]}]}<\/script>\n<!-- \/ Yoast SEO plugin. -->","yoast_head_json":{"title":"Orientation scolaire, acad\u00e9mique et professionnelle","description":"Tu souhaites un conseil en orientation scolaire, acad\u00e9mique ou professionnelle efficace ? Les consultants RH du Cepha sont \u00e0 ta disposition !","robots":{"index":"index","follow":"follow","max-snippet":"max-snippet:-1","max-image-preview":"max-image-preview:large","max-video-preview":"max-video-preview:-1"},"canonical":"https:\/\/cepha-rh.com\/nl\/schoolkeuze-hogere-studiekeuze-of-beroepskeuze\/","og_locale":"nl_NL","og_type":"article","og_title":"Orientation scolaire, acad\u00e9mique et professionnelle","og_description":"Tu souhaites un conseil en orientation scolaire, acad\u00e9mique ou professionnelle efficace ? Les consultants RH du Cepha sont \u00e0 ta disposition !","og_url":"https:\/\/cepha-rh.com\/nl\/schoolkeuze-hogere-studiekeuze-of-beroepskeuze\/","og_site_name":"Cepha","article_publisher":"https:\/\/www.facebook.com\/cephaservices\/?fref=ts","article_modified_time":"2019-11-21T12:53:55+00:00","og_image":[{"width":300,"height":100,"url":"https:\/\/i0.wp.com\/cepha-rh.com\/wp-content\/uploads\/2019\/11\/Fotolia_66971447_S-300x100.jpg?fit=300%2C100&ssl=1","type":"image\/jpeg"}],"twitter_card":"summary_large_image","schema":{"@context":"https:\/\/schema.org","@graph":[{"@type":"WebPage","@id":"https:\/\/cepha-rh.com\/nl\/schoolkeuze-hogere-studiekeuze-of-beroepskeuze\/","url":"https:\/\/cepha-rh.com\/nl\/schoolkeuze-hogere-studiekeuze-of-beroepskeuze\/","name":"Orientation scolaire, acad\u00e9mique et professionnelle","isPartOf":{"@id":"https:\/\/cepha-rh.com\/nl\/#website"},"primaryImageOfPage":{"@id":"https:\/\/cepha-rh.com\/nl\/schoolkeuze-hogere-studiekeuze-of-beroepskeuze\/#primaryimage"},"image":{"@id":"https:\/\/cepha-rh.com\/nl\/schoolkeuze-hogere-studiekeuze-of-beroepskeuze\/#primaryimage"},"thumbnailUrl":"https:\/\/i0.wp.com\/cepha-rh.com\/wp-content\/uploads\/2019\/11\/Fotolia_66971447_S-300x100.jpg?fit=300%2C100&ssl=1","datePublished":"2015-09-03T13:45:13+00:00","dateModified":"2019-11-21T12:53:55+00:00","description":"Tu souhaites un conseil en orientation scolaire, acad\u00e9mique ou professionnelle efficace ? Les consultants RH du Cepha sont \u00e0 ta disposition !","breadcrumb":{"@id":"https:\/\/cepha-rh.com\/nl\/schoolkeuze-hogere-studiekeuze-of-beroepskeuze\/#breadcrumb"},"inLanguage":"nl-NL","potentialAction":[{"@type":"ReadAction","target":["https:\/\/cepha-rh.com\/nl\/schoolkeuze-hogere-studiekeuze-of-beroepskeuze\/"]}]},{"@type":"ImageObject","inLanguage":"nl-NL","@id":"https:\/\/cepha-rh.com\/nl\/schoolkeuze-hogere-studiekeuze-of-beroepskeuze\/#primaryimage","url":"https:\/\/i0.wp.com\/cepha-rh.com\/wp-content\/uploads\/2019\/11\/Fotolia_66971447_S-300x100.jpg?fit=300%2C100&ssl=1","contentUrl":"https:\/\/i0.wp.com\/cepha-rh.com\/wp-content\/uploads\/2019\/11\/Fotolia_66971447_S-300x100.jpg?fit=300%2C100&ssl=1","width":300,"height":100},{"@type":"BreadcrumbList","@id":"https:\/\/cepha-rh.com\/nl\/schoolkeuze-hogere-studiekeuze-of-beroepskeuze\/#breadcrumb","itemListElement":[{"@type":"ListItem","position":1,"name":"Accueil","item":"https:\/\/cepha-rh.com\/nl\/"},{"@type":"ListItem","position":2,"name":"Schoolkeuze, hogere studiekeuze of beroepskeuze"}]},{"@type":"WebSite","@id":"https:\/\/cepha-rh.com\/nl\/#website","url":"https:\/\/cepha-rh.com\/nl\/","name":"Cepha","description":"Bureau de conseil en ressources humaines (recrutement, orientation scolaire, etc.) pour les entreprises et les particuliers.","publisher":{"@id":"https:\/\/cepha-rh.com\/nl\/#organization"},"potentialAction":[{"@type":"SearchAction","target":{"@type":"EntryPoint","urlTemplate":"https:\/\/cepha-rh.com\/nl\/?s={search_term_string}"},"query-input":{"@type":"PropertyValueSpecification","valueRequired":true,"valueName":"search_term_string"}}],"inLanguage":"nl-NL"},{"@type":"Organization","@id":"https:\/\/cepha-rh.com\/nl\/#organization","name":"CEPHA","url":"https:\/\/cepha-rh.com\/nl\/","logo":{"@type":"ImageObject","inLanguage":"nl-NL","@id":"https:\/\/cepha-rh.com\/nl\/#\/schema\/logo\/image\/","url":"https:\/\/i0.wp.com\/cepha-rh.com\/wp-content\/uploads\/2017\/05\/12549082_1787445001482828_517501795286682056_n.png?fit=960%2C960&ssl=1","contentUrl":"https:\/\/i0.wp.com\/cepha-rh.com\/wp-content\/uploads\/2017\/05\/12549082_1787445001482828_517501795286682056_n.png?fit=960%2C960&ssl=1","width":960,"height":960,"caption":"CEPHA"},"image":{"@id":"https:\/\/cepha-rh.com\/nl\/#\/schema\/logo\/image\/"},"sameAs":["https:\/\/www.facebook.com\/cephaservices\/?fref=ts","https:\/\/www.linkedin.com\/company-beta\/3144963\/"]}]}},"jetpack_sharing_enabled":true,"jetpack_shortlink":"https:\/\/wp.me\/P8bjF8-Pl","jetpack-related-posts":[],"_links":{"self":[{"href":"https:\/\/cepha-rh.com\/nl\/wp-json\/wp\/v2\/pages\/3183","targetHints":{"allow":["GET"]}}],"collection":[{"href":"https:\/\/cepha-rh.com\/nl\/wp-json\/wp\/v2\/pages"}],"about":[{"href":"https:\/\/cepha-rh.com\/nl\/wp-json\/wp\/v2\/types\/page"}],"author":[{"embeddable":true,"href":"https:\/\/cepha-rh.com\/nl\/wp-json\/wp\/v2\/users\/6"}],"replies":[{"embeddable":true,"href":"https:\/\/cepha-rh.com\/nl\/wp-json\/wp\/v2\/comments?post=3183"}],"version-history":[{"count":1,"href":"https:\/\/cepha-rh.com\/nl\/wp-json\/wp\/v2\/pages\/3183\/revisions"}],"predecessor-version":[{"id":3185,"href":"https:\/\/cepha-rh.com\/nl\/wp-json\/wp\/v2\/pages\/3183\/revisions\/3185"}],"wp:featuredmedia":[{"embeddable":true,"href":"https:\/\/cepha-rh.com\/nl\/wp-json\/wp\/v2\/media\/3847"}],"wp:attachment":[{"href":"https:\/\/cepha-rh.com\/nl\/wp-json\/wp\/v2\/media?parent=3183"}],"curies":[{"name":"wp","href":"https:\/\/api.w.org\/{rel}","templated":true}]}}