{"id":3192,"date":"2015-10-05T14:43:08","date_gmt":"2015-10-05T13:43:08","guid":{"rendered":"http:\/\/www.cepha-rh.com\/orientation-scolaire-academique-et-professionnelle-en-consultation\/"},"modified":"2017-03-28T10:45:18","modified_gmt":"2017-03-28T09:45:18","slug":"raadpleging-inzake-orientatie-in-onze-kantoren","status":"publish","type":"page","link":"https:\/\/cepha-rh.com\/nl\/raadpleging-inzake-orientatie-in-onze-kantoren\/","title":{"rendered":"Raadpleging inzake ori\u00ebntatie in onze kantoren"},"content":{"rendered":"<p><strong>Omschrijving<\/strong><\/p>\n<ul>\n<li>Je bent klaar met een studiecyclus en je wil later een beroep uitoefenen dat goed bij je past?<\/li>\n<li>Je weet niet welke optie te kiezen, welke studie te aan te vatten, welk beroep voor te bereiden?<\/li>\n<li>Je weet reeds wat je later wil doen, maar je vraagt je af of het hier niet om een tijdelijke bevlieging gaat?<\/li>\n<li>Bots je op moeilijkheden? Weet je niet hoe je ze moet oplossen of hoe je je moet herori\u00ebnteren?<\/li>\n<\/ul>\n<p>We overhandigen je een gedetailleerd verslag tijdens een gesprek van ongeveer een uur waarmee je een doeltreffende keuze kan maken op het vlak van school-, hogere studies en beroepsori\u00ebntatie.<\/p>\n<p><strong>Procedure<\/strong><\/p>\n<ul>\n<li>Stap 1: vragenlijst naar sociaal leven en schoolcarri\u00e8re<\/li>\n<\/ul>\n<p>Nadat je jouw online aanvraag hebt ingediend, zal een CEPHA\u00ae-consultant contact met je opnemen via e-mail om je uit te nodigen een online socio-familiale vragenlijst in te vullen via ons elektronisch platform (geschatte tijd ongeveer 1 uur). Deze erg uitgebreide vragenlijst heeft als doel een maximum aan informatie over jezelf, je familie en je parcours op school, de hogere studies en in het beroepsleven te verzamelen.<\/p>\n<ul>\n<li>Stap 2: screening<\/li>\n<\/ul>\n<p>Je komt vervolgens naar onze kantoren voor een bezoek dat ongeveer drie uur duurt voor een screening met inbegrip van vragenlijsten over professionele interesses, testen van bekwaamheden en motivatie alsook voor het nemen van een foto van je gezicht en je profiel voor een analyse aan de hand van onze methodologie \u00a9.<\/p>\n<ul>\n<li>Stap 3: overhandiging van de conclusies<\/li>\n<\/ul>\n<p>We geven tot slot ons advies inzake ori\u00ebntatie aan jou &#8211; en bij voorkeur ook aan je ouders &#8211;\u00a0 op basis van een gedetailleerd verslag op papier tijdens een ori\u00ebntatiegesprek van ongeveer een uur. Dit verslag, dat je mee naar huis mag nemen, omvat het profiel van jouw vaardigheden en motivatie, ons advies inzake schoolse, hogere studies of professionele herori\u00ebntatie en indien noodzakelijk de opleidingen die wij aanbevelen.<\/p>\n<p><strong>Tarief<\/strong><\/p>\n<p>\u20ac 680,00 incl. btw \/ geori\u00ebnteerd persoon.<\/p>\n<p style=\"text-align: justify;\">\n","protected":false},"excerpt":{"rendered":"<p>Omschrijving Je bent klaar met een studiecyclus en je wil later een beroep uitoefenen dat goed bij je past? Je weet niet welke optie te kiezen, welke studie te aan te vatten, welk beroep voor te bereiden? Je weet reeds wat je later wil doen, maar je vraagt je af of het hier niet om [&hellip;]<\/p>\n","protected":false},"author":6,"featured_media":2699,"parent":0,"menu_order":14,"comment_status":"closed","ping_status":"closed","template":"templates\/page-narrow.php","meta":{"jetpack_post_was_ever_published":false,"footnotes":""},"class_list":["post-3192","page","type-page","status-publish","has-post-thumbnail","hentry"],"yoast_head":"<!-- This site is optimized with the Yoast SEO plugin v27.2 - https:\/\/yoast.com\/product\/yoast-seo-wordpress\/ -->\n<title>Raadpleging inzake ori\u00ebntatie in onze kantoren - Cepha<\/title>\n<meta name=\"description\" content=\"Tu voudrais exercer plus tard un m\u00e9tier qui te convient bien ? Demande une consultation d&#039;orientation scolaire, acad\u00e9mique ou professionnelle au Cepha.\" \/>\n<meta name=\"robots\" content=\"index, follow, max-snippet:-1, max-image-preview:large, max-video-preview:-1\" \/>\n<link rel=\"canonical\" href=\"https:\/\/cepha-rh.com\/nl\/raadpleging-inzake-orientatie-in-onze-kantoren\/\" \/>\n<meta property=\"og:locale\" content=\"nl_NL\" \/>\n<meta property=\"og:type\" content=\"article\" \/>\n<meta property=\"og:title\" content=\"Raadpleging inzake ori\u00ebntatie in onze kantoren - Cepha\" \/>\n<meta property=\"og:description\" content=\"Tu voudrais exercer plus tard un m\u00e9tier qui te convient bien ? Demande une consultation d&#039;orientation scolaire, acad\u00e9mique ou professionnelle au Cepha.\" \/>\n<meta property=\"og:url\" content=\"https:\/\/cepha-rh.com\/nl\/raadpleging-inzake-orientatie-in-onze-kantoren\/\" \/>\n<meta property=\"og:site_name\" content=\"Cepha\" \/>\n<meta property=\"article:publisher\" content=\"https:\/\/www.facebook.com\/cephaservices\/?fref=ts\" \/>\n<meta property=\"article:modified_time\" content=\"2017-03-28T09:45:18+00:00\" \/>\n<meta property=\"og:image\" content=\"https:\/\/i0.wp.com\/cepha-rh.com\/wp-content\/uploads\/2015\/09\/Fotolia_66971447_S.jpg?fit=1200%2C400&ssl=1\" \/>\n\t<meta property=\"og:image:width\" content=\"1200\" \/>\n\t<meta property=\"og:image:height\" content=\"400\" \/>\n\t<meta property=\"og:image:type\" content=\"image\/jpeg\" \/>\n<meta name=\"twitter:card\" content=\"summary_large_image\" \/>\n<meta name=\"twitter:label1\" content=\"Geschatte leestijd\" \/>\n\t<meta name=\"twitter:data1\" content=\"2 minuten\" \/>\n<script type=\"application\/ld+json\" class=\"yoast-schema-graph\">{\"@context\":\"https:\/\/schema.org\",\"@graph\":[{\"@type\":\"WebPage\",\"@id\":\"https:\/\/cepha-rh.com\/nl\/raadpleging-inzake-orientatie-in-onze-kantoren\/\",\"url\":\"https:\/\/cepha-rh.com\/nl\/raadpleging-inzake-orientatie-in-onze-kantoren\/\",\"name\":\"Raadpleging inzake ori\u00ebntatie in onze kantoren - Cepha\",\"isPartOf\":{\"@id\":\"https:\/\/cepha-rh.com\/nl\/#website\"},\"primaryImageOfPage\":{\"@id\":\"https:\/\/cepha-rh.com\/nl\/raadpleging-inzake-orientatie-in-onze-kantoren\/#primaryimage\"},\"image\":{\"@id\":\"https:\/\/cepha-rh.com\/nl\/raadpleging-inzake-orientatie-in-onze-kantoren\/#primaryimage\"},\"thumbnailUrl\":\"https:\/\/i0.wp.com\/cepha-rh.com\/wp-content\/uploads\/2015\/09\/Fotolia_66971447_S.jpg?fit=1200%2C400&ssl=1\",\"datePublished\":\"2015-10-05T13:43:08+00:00\",\"dateModified\":\"2017-03-28T09:45:18+00:00\",\"description\":\"Tu voudrais exercer plus tard un m\u00e9tier qui te convient bien ? Demande une consultation d'orientation scolaire, acad\u00e9mique ou professionnelle au Cepha.\",\"breadcrumb\":{\"@id\":\"https:\/\/cepha-rh.com\/nl\/raadpleging-inzake-orientatie-in-onze-kantoren\/#breadcrumb\"},\"inLanguage\":\"nl-NL\",\"potentialAction\":[{\"@type\":\"ReadAction\",\"target\":[\"https:\/\/cepha-rh.com\/nl\/raadpleging-inzake-orientatie-in-onze-kantoren\/\"]}]},{\"@type\":\"ImageObject\",\"inLanguage\":\"nl-NL\",\"@id\":\"https:\/\/cepha-rh.com\/nl\/raadpleging-inzake-orientatie-in-onze-kantoren\/#primaryimage\",\"url\":\"https:\/\/i0.wp.com\/cepha-rh.com\/wp-content\/uploads\/2015\/09\/Fotolia_66971447_S.jpg?fit=1200%2C400&ssl=1\",\"contentUrl\":\"https:\/\/i0.wp.com\/cepha-rh.com\/wp-content\/uploads\/2015\/09\/Fotolia_66971447_S.jpg?fit=1200%2C400&ssl=1\",\"width\":1200,\"height\":400,\"caption\":\"Graduation of a group of students dressed in a black gown\"},{\"@type\":\"BreadcrumbList\",\"@id\":\"https:\/\/cepha-rh.com\/nl\/raadpleging-inzake-orientatie-in-onze-kantoren\/#breadcrumb\",\"itemListElement\":[{\"@type\":\"ListItem\",\"position\":1,\"name\":\"Accueil\",\"item\":\"https:\/\/cepha-rh.com\/nl\/\"},{\"@type\":\"ListItem\",\"position\":2,\"name\":\"Raadpleging inzake ori\u00ebntatie in onze kantoren\"}]},{\"@type\":\"WebSite\",\"@id\":\"https:\/\/cepha-rh.com\/nl\/#website\",\"url\":\"https:\/\/cepha-rh.com\/nl\/\",\"name\":\"Cepha\",\"description\":\"Bureau de conseil en ressources humaines (recrutement, orientation scolaire, etc.) pour les entreprises et les particuliers.\",\"publisher\":{\"@id\":\"https:\/\/cepha-rh.com\/nl\/#organization\"},\"potentialAction\":[{\"@type\":\"SearchAction\",\"target\":{\"@type\":\"EntryPoint\",\"urlTemplate\":\"https:\/\/cepha-rh.com\/nl\/?s={search_term_string}\"},\"query-input\":{\"@type\":\"PropertyValueSpecification\",\"valueRequired\":true,\"valueName\":\"search_term_string\"}}],\"inLanguage\":\"nl-NL\"},{\"@type\":\"Organization\",\"@id\":\"https:\/\/cepha-rh.com\/nl\/#organization\",\"name\":\"CEPHA\",\"url\":\"https:\/\/cepha-rh.com\/nl\/\",\"logo\":{\"@type\":\"ImageObject\",\"inLanguage\":\"nl-NL\",\"@id\":\"https:\/\/cepha-rh.com\/nl\/#\/schema\/logo\/image\/\",\"url\":\"https:\/\/i0.wp.com\/cepha-rh.com\/wp-content\/uploads\/2017\/05\/12549082_1787445001482828_517501795286682056_n.png?fit=960%2C960&ssl=1\",\"contentUrl\":\"https:\/\/i0.wp.com\/cepha-rh.com\/wp-content\/uploads\/2017\/05\/12549082_1787445001482828_517501795286682056_n.png?fit=960%2C960&ssl=1\",\"width\":960,\"height\":960,\"caption\":\"CEPHA\"},\"image\":{\"@id\":\"https:\/\/cepha-rh.com\/nl\/#\/schema\/logo\/image\/\"},\"sameAs\":[\"https:\/\/www.facebook.com\/cephaservices\/?fref=ts\",\"https:\/\/www.linkedin.com\/company-beta\/3144963\/\"]}]}<\/script>\n<!-- \/ Yoast SEO plugin. -->","yoast_head_json":{"title":"Raadpleging inzake ori\u00ebntatie in onze kantoren - Cepha","description":"Tu voudrais exercer plus tard un m\u00e9tier qui te convient bien ? Demande une consultation d'orientation scolaire, acad\u00e9mique ou professionnelle au Cepha.","robots":{"index":"index","follow":"follow","max-snippet":"max-snippet:-1","max-image-preview":"max-image-preview:large","max-video-preview":"max-video-preview:-1"},"canonical":"https:\/\/cepha-rh.com\/nl\/raadpleging-inzake-orientatie-in-onze-kantoren\/","og_locale":"nl_NL","og_type":"article","og_title":"Raadpleging inzake ori\u00ebntatie in onze kantoren - Cepha","og_description":"Tu voudrais exercer plus tard un m\u00e9tier qui te convient bien ? Demande une consultation d'orientation scolaire, acad\u00e9mique ou professionnelle au Cepha.","og_url":"https:\/\/cepha-rh.com\/nl\/raadpleging-inzake-orientatie-in-onze-kantoren\/","og_site_name":"Cepha","article_publisher":"https:\/\/www.facebook.com\/cephaservices\/?fref=ts","article_modified_time":"2017-03-28T09:45:18+00:00","og_image":[{"width":1200,"height":400,"url":"https:\/\/i0.wp.com\/cepha-rh.com\/wp-content\/uploads\/2015\/09\/Fotolia_66971447_S.jpg?fit=1200%2C400&ssl=1","type":"image\/jpeg"}],"twitter_card":"summary_large_image","twitter_misc":{"Geschatte leestijd":"2 minuten"},"schema":{"@context":"https:\/\/schema.org","@graph":[{"@type":"WebPage","@id":"https:\/\/cepha-rh.com\/nl\/raadpleging-inzake-orientatie-in-onze-kantoren\/","url":"https:\/\/cepha-rh.com\/nl\/raadpleging-inzake-orientatie-in-onze-kantoren\/","name":"Raadpleging inzake ori\u00ebntatie in onze kantoren - Cepha","isPartOf":{"@id":"https:\/\/cepha-rh.com\/nl\/#website"},"primaryImageOfPage":{"@id":"https:\/\/cepha-rh.com\/nl\/raadpleging-inzake-orientatie-in-onze-kantoren\/#primaryimage"},"image":{"@id":"https:\/\/cepha-rh.com\/nl\/raadpleging-inzake-orientatie-in-onze-kantoren\/#primaryimage"},"thumbnailUrl":"https:\/\/i0.wp.com\/cepha-rh.com\/wp-content\/uploads\/2015\/09\/Fotolia_66971447_S.jpg?fit=1200%2C400&ssl=1","datePublished":"2015-10-05T13:43:08+00:00","dateModified":"2017-03-28T09:45:18+00:00","description":"Tu voudrais exercer plus tard un m\u00e9tier qui te convient bien ? Demande une consultation d'orientation scolaire, acad\u00e9mique ou professionnelle au Cepha.","breadcrumb":{"@id":"https:\/\/cepha-rh.com\/nl\/raadpleging-inzake-orientatie-in-onze-kantoren\/#breadcrumb"},"inLanguage":"nl-NL","potentialAction":[{"@type":"ReadAction","target":["https:\/\/cepha-rh.com\/nl\/raadpleging-inzake-orientatie-in-onze-kantoren\/"]}]},{"@type":"ImageObject","inLanguage":"nl-NL","@id":"https:\/\/cepha-rh.com\/nl\/raadpleging-inzake-orientatie-in-onze-kantoren\/#primaryimage","url":"https:\/\/i0.wp.com\/cepha-rh.com\/wp-content\/uploads\/2015\/09\/Fotolia_66971447_S.jpg?fit=1200%2C400&ssl=1","contentUrl":"https:\/\/i0.wp.com\/cepha-rh.com\/wp-content\/uploads\/2015\/09\/Fotolia_66971447_S.jpg?fit=1200%2C400&ssl=1","width":1200,"height":400,"caption":"Graduation of a group of students dressed in a black gown"},{"@type":"BreadcrumbList","@id":"https:\/\/cepha-rh.com\/nl\/raadpleging-inzake-orientatie-in-onze-kantoren\/#breadcrumb","itemListElement":[{"@type":"ListItem","position":1,"name":"Accueil","item":"https:\/\/cepha-rh.com\/nl\/"},{"@type":"ListItem","position":2,"name":"Raadpleging inzake ori\u00ebntatie in onze kantoren"}]},{"@type":"WebSite","@id":"https:\/\/cepha-rh.com\/nl\/#website","url":"https:\/\/cepha-rh.com\/nl\/","name":"Cepha","description":"Bureau de conseil en ressources humaines (recrutement, orientation scolaire, etc.) pour les entreprises et les particuliers.","publisher":{"@id":"https:\/\/cepha-rh.com\/nl\/#organization"},"potentialAction":[{"@type":"SearchAction","target":{"@type":"EntryPoint","urlTemplate":"https:\/\/cepha-rh.com\/nl\/?s={search_term_string}"},"query-input":{"@type":"PropertyValueSpecification","valueRequired":true,"valueName":"search_term_string"}}],"inLanguage":"nl-NL"},{"@type":"Organization","@id":"https:\/\/cepha-rh.com\/nl\/#organization","name":"CEPHA","url":"https:\/\/cepha-rh.com\/nl\/","logo":{"@type":"ImageObject","inLanguage":"nl-NL","@id":"https:\/\/cepha-rh.com\/nl\/#\/schema\/logo\/image\/","url":"https:\/\/i0.wp.com\/cepha-rh.com\/wp-content\/uploads\/2017\/05\/12549082_1787445001482828_517501795286682056_n.png?fit=960%2C960&ssl=1","contentUrl":"https:\/\/i0.wp.com\/cepha-rh.com\/wp-content\/uploads\/2017\/05\/12549082_1787445001482828_517501795286682056_n.png?fit=960%2C960&ssl=1","width":960,"height":960,"caption":"CEPHA"},"image":{"@id":"https:\/\/cepha-rh.com\/nl\/#\/schema\/logo\/image\/"},"sameAs":["https:\/\/www.facebook.com\/cephaservices\/?fref=ts","https:\/\/www.linkedin.com\/company-beta\/3144963\/"]}]}},"jetpack_sharing_enabled":true,"jetpack_shortlink":"https:\/\/wp.me\/P8bjF8-Pu","jetpack-related-posts":[],"_links":{"self":[{"href":"https:\/\/cepha-rh.com\/nl\/wp-json\/wp\/v2\/pages\/3192","targetHints":{"allow":["GET"]}}],"collection":[{"href":"https:\/\/cepha-rh.com\/nl\/wp-json\/wp\/v2\/pages"}],"about":[{"href":"https:\/\/cepha-rh.com\/nl\/wp-json\/wp\/v2\/types\/page"}],"author":[{"embeddable":true,"href":"https:\/\/cepha-rh.com\/nl\/wp-json\/wp\/v2\/users\/6"}],"replies":[{"embeddable":true,"href":"https:\/\/cepha-rh.com\/nl\/wp-json\/wp\/v2\/comments?post=3192"}],"version-history":[{"count":2,"href":"https:\/\/cepha-rh.com\/nl\/wp-json\/wp\/v2\/pages\/3192\/revisions"}],"predecessor-version":[{"id":3197,"href":"https:\/\/cepha-rh.com\/nl\/wp-json\/wp\/v2\/pages\/3192\/revisions\/3197"}],"wp:featuredmedia":[{"embeddable":true,"href":"https:\/\/cepha-rh.com\/nl\/wp-json\/wp\/v2\/media\/2699"}],"wp:attachment":[{"href":"https:\/\/cepha-rh.com\/nl\/wp-json\/wp\/v2\/media?parent=3192"}],"curies":[{"name":"wp","href":"https:\/\/api.w.org\/{rel}","templated":true}]}}