{"id":3206,"date":"2015-12-18T11:47:41","date_gmt":"2015-12-18T10:47:41","guid":{"rendered":"http:\/\/www.cepha-rh.com\/profil-personnel-en-nos-bureaux\/"},"modified":"2017-03-28T11:13:57","modified_gmt":"2017-03-28T10:13:57","slug":"persoonlijk-profiel-in-onze-kantoren","status":"publish","type":"page","link":"https:\/\/cepha-rh.com\/nl\/persoonlijk-profiel-in-onze-kantoren\/","title":{"rendered":"Persoonlijk profiel in onze kantoren"},"content":{"rendered":"<p style=\"text-align: center;\">\u201c<em>Ken uzelve en u zult het universum en de goden kennen!\u201d<\/em> Socrates<\/p>\n<p>Om gelukkig te zijn, dienen we levenskeuzes te maken die bij ons passen. Daarom is het belangrijk over een goede zelfkennis te beschikken. Slechts weinig mensen kennen zichzelf goed. Velen hebben zich opgesloten in een beeld van zichzelf dat hen toegekend werd. Sommigen belemmeren hun ontwikkeling omdat ze aanvaard hebben zich het etiket dat hen toegekend werd te laten opkleven.<\/p>\n<p>CEPHA\u00a0\u00ae\u00a0heeft een methodologie\u00a0\u00a9\u00a0op punt gesteld die het mogelijk maakt de personen te onthullen die het diepst in onszelf verscholen zitten.<\/p>\n<p>Naast de klassieke psychologische middelen, stelt de morfo-semiologie de samenhang van de uitdrukkingsvormen die u kenmerken in vraag en geeft deze betekenis. Het woord &#8216;persoonlijkheid&#8217; (&#8216;sociaal masker&#8217; &#8211; &#8216;persona&#8217; is de Latijnse vertaling van het Oudgriekse woord &#8216;hypocritos&#8217;) volstaat niet meer om het resultaat van onze analyse te defini\u00ebren. We spreken eerder over &#8216;diepzittende neigingen&#8217;.<\/p>\n<p>Aarzel niet uw persoonlijk profiel te vragen wanneer u nieuwsgierig bent u zelf echt te kennen dankzij onze specifieke methodologie \u00a9.<\/p>\n<p><strong>Procedure<\/strong><\/p>\n<ul>\n<li>Stap 1: socio-familiale vragenlijst om online in te vullen<\/li>\n<\/ul>\n<p>Nadat u uw aanvraag online heeft ingediend, ontvangt u een automatische e-mail waarin u gevraagd wordt een socio-familiale vragenlijst in te vullen via ons elektronisch platform waarin we u vragen foto&#8217;s van uw gezicht (gelaat en profiel) mee te sturen voor een analyse volgens onze methodologie\u00a9 (geschatte tijd ongeveer 1 uur).<\/p>\n<p><em>Benodigdheden<\/em>: een computer, een goede internetverbinding, een fototoestel, een scanner.<\/p>\n<ul>\n<li>Stap 2: uw psychologisch profiel op onze kantoren<\/li>\n<\/ul>\n<p>Een consultant van CEPHA\u00ae zal vervolgens alle informatie over u analyseren om een gedetailleerd rapport van uw psychologisch profiel met bekwaamheden en diepgaande motiveringen te bezorgen.<\/p>\n<p><strong>Tarief<\/strong><\/p>\n<p>\u20ac 320,00 incl. btw \/ persoon.<\/p>\n","protected":false},"excerpt":{"rendered":"<p>\u201cKen uzelve en u zult het universum en de goden kennen!\u201d Socrates Om gelukkig te zijn, dienen we levenskeuzes te maken die bij ons passen. Daarom is het belangrijk over een goede zelfkennis te beschikken. Slechts weinig mensen kennen zichzelf goed. Velen hebben zich opgesloten in een beeld van zichzelf dat hen toegekend werd. Sommigen [&hellip;]<\/p>\n","protected":false},"author":6,"featured_media":2719,"parent":0,"menu_order":24,"comment_status":"closed","ping_status":"closed","template":"templates\/page-narrow.php","meta":{"jetpack_post_was_ever_published":false,"footnotes":""},"class_list":["post-3206","page","type-page","status-publish","has-post-thumbnail","hentry"],"yoast_head":"<!-- This site is optimized with the Yoast SEO plugin v27.5 - https:\/\/yoast.com\/product\/yoast-seo-wordpress\/ -->\n<title>Persoonlijk profiel in onze kantoren - Cepha<\/title>\n<meta name=\"description\" content=\"Si vous \u00eates curieux(se) de mieux vous conna\u00eetre vraiment gr\u00e2ce \u00e0 notre m\u00e9thodologie, n\u2019h\u00e9sitez pas \u00e0 demander votre profil personnel en nos bureaux.\" \/>\n<meta name=\"robots\" content=\"index, follow, max-snippet:-1, max-image-preview:large, max-video-preview:-1\" \/>\n<link rel=\"canonical\" href=\"https:\/\/cepha-rh.com\/nl\/persoonlijk-profiel-in-onze-kantoren\/\" \/>\n<meta property=\"og:locale\" content=\"nl_NL\" \/>\n<meta property=\"og:type\" content=\"article\" \/>\n<meta property=\"og:title\" content=\"Persoonlijk profiel in onze kantoren - Cepha\" \/>\n<meta property=\"og:description\" content=\"Si vous \u00eates curieux(se) de mieux vous conna\u00eetre vraiment gr\u00e2ce \u00e0 notre m\u00e9thodologie, n\u2019h\u00e9sitez pas \u00e0 demander votre profil personnel en nos bureaux.\" \/>\n<meta property=\"og:url\" content=\"https:\/\/cepha-rh.com\/nl\/persoonlijk-profiel-in-onze-kantoren\/\" \/>\n<meta property=\"og:site_name\" content=\"Cepha\" \/>\n<meta property=\"article:publisher\" content=\"https:\/\/www.facebook.com\/cephaservices\/?fref=ts\" \/>\n<meta property=\"article:modified_time\" content=\"2017-03-28T10:13:57+00:00\" \/>\n<meta property=\"og:image\" content=\"https:\/\/i0.wp.com\/cepha-rh.com\/wp-content\/uploads\/2015\/07\/Fotolia_77947295_S.jpg?fit=1096%2C438&ssl=1\" \/>\n\t<meta property=\"og:image:width\" content=\"1096\" \/>\n\t<meta property=\"og:image:height\" content=\"438\" \/>\n\t<meta property=\"og:image:type\" content=\"image\/jpeg\" \/>\n<meta name=\"twitter:card\" content=\"summary_large_image\" \/>\n<meta name=\"twitter:label1\" content=\"Geschatte leestijd\" \/>\n\t<meta name=\"twitter:data1\" content=\"1 minuut\" \/>\n<script type=\"application\/ld+json\" class=\"yoast-schema-graph\">{\"@context\":\"https:\\\/\\\/schema.org\",\"@graph\":[{\"@type\":\"WebPage\",\"@id\":\"https:\\\/\\\/cepha-rh.com\\\/nl\\\/persoonlijk-profiel-in-onze-kantoren\\\/\",\"url\":\"https:\\\/\\\/cepha-rh.com\\\/nl\\\/persoonlijk-profiel-in-onze-kantoren\\\/\",\"name\":\"Persoonlijk profiel in onze kantoren - Cepha\",\"isPartOf\":{\"@id\":\"https:\\\/\\\/cepha-rh.com\\\/nl\\\/#website\"},\"primaryImageOfPage\":{\"@id\":\"https:\\\/\\\/cepha-rh.com\\\/nl\\\/persoonlijk-profiel-in-onze-kantoren\\\/#primaryimage\"},\"image\":{\"@id\":\"https:\\\/\\\/cepha-rh.com\\\/nl\\\/persoonlijk-profiel-in-onze-kantoren\\\/#primaryimage\"},\"thumbnailUrl\":\"https:\\\/\\\/i0.wp.com\\\/cepha-rh.com\\\/wp-content\\\/uploads\\\/2015\\\/07\\\/Fotolia_77947295_S.jpg?fit=1096%2C438&ssl=1\",\"datePublished\":\"2015-12-18T10:47:41+00:00\",\"dateModified\":\"2017-03-28T10:13:57+00:00\",\"description\":\"Si vous \u00eates curieux(se) de mieux vous conna\u00eetre vraiment gr\u00e2ce \u00e0 notre m\u00e9thodologie, n\u2019h\u00e9sitez pas \u00e0 demander votre profil personnel en nos bureaux.\",\"breadcrumb\":{\"@id\":\"https:\\\/\\\/cepha-rh.com\\\/nl\\\/persoonlijk-profiel-in-onze-kantoren\\\/#breadcrumb\"},\"inLanguage\":\"nl-NL\",\"potentialAction\":[{\"@type\":\"ReadAction\",\"target\":[\"https:\\\/\\\/cepha-rh.com\\\/nl\\\/persoonlijk-profiel-in-onze-kantoren\\\/\"]}]},{\"@type\":\"ImageObject\",\"inLanguage\":\"nl-NL\",\"@id\":\"https:\\\/\\\/cepha-rh.com\\\/nl\\\/persoonlijk-profiel-in-onze-kantoren\\\/#primaryimage\",\"url\":\"https:\\\/\\\/i0.wp.com\\\/cepha-rh.com\\\/wp-content\\\/uploads\\\/2015\\\/07\\\/Fotolia_77947295_S.jpg?fit=1096%2C438&ssl=1\",\"contentUrl\":\"https:\\\/\\\/i0.wp.com\\\/cepha-rh.com\\\/wp-content\\\/uploads\\\/2015\\\/07\\\/Fotolia_77947295_S.jpg?fit=1096%2C438&ssl=1\",\"width\":1096,\"height\":438,\"caption\":\"profil personnel en ligne - \u00e9quipe - bureaux\"},{\"@type\":\"BreadcrumbList\",\"@id\":\"https:\\\/\\\/cepha-rh.com\\\/nl\\\/persoonlijk-profiel-in-onze-kantoren\\\/#breadcrumb\",\"itemListElement\":[{\"@type\":\"ListItem\",\"position\":1,\"name\":\"Accueil\",\"item\":\"https:\\\/\\\/cepha-rh.com\\\/nl\\\/\"},{\"@type\":\"ListItem\",\"position\":2,\"name\":\"Persoonlijk profiel in onze kantoren\"}]},{\"@type\":\"WebSite\",\"@id\":\"https:\\\/\\\/cepha-rh.com\\\/nl\\\/#website\",\"url\":\"https:\\\/\\\/cepha-rh.com\\\/nl\\\/\",\"name\":\"Cepha\",\"description\":\"Bureau de conseil en ressources humaines (recrutement, orientation scolaire, etc.) pour les entreprises et les particuliers.\",\"publisher\":{\"@id\":\"https:\\\/\\\/cepha-rh.com\\\/nl\\\/#organization\"},\"potentialAction\":[{\"@type\":\"SearchAction\",\"target\":{\"@type\":\"EntryPoint\",\"urlTemplate\":\"https:\\\/\\\/cepha-rh.com\\\/nl\\\/?s={search_term_string}\"},\"query-input\":{\"@type\":\"PropertyValueSpecification\",\"valueRequired\":true,\"valueName\":\"search_term_string\"}}],\"inLanguage\":\"nl-NL\"},{\"@type\":\"Organization\",\"@id\":\"https:\\\/\\\/cepha-rh.com\\\/nl\\\/#organization\",\"name\":\"CEPHA\",\"url\":\"https:\\\/\\\/cepha-rh.com\\\/nl\\\/\",\"logo\":{\"@type\":\"ImageObject\",\"inLanguage\":\"nl-NL\",\"@id\":\"https:\\\/\\\/cepha-rh.com\\\/nl\\\/#\\\/schema\\\/logo\\\/image\\\/\",\"url\":\"https:\\\/\\\/i0.wp.com\\\/cepha-rh.com\\\/wp-content\\\/uploads\\\/2017\\\/05\\\/12549082_1787445001482828_517501795286682056_n.png?fit=960%2C960&ssl=1\",\"contentUrl\":\"https:\\\/\\\/i0.wp.com\\\/cepha-rh.com\\\/wp-content\\\/uploads\\\/2017\\\/05\\\/12549082_1787445001482828_517501795286682056_n.png?fit=960%2C960&ssl=1\",\"width\":960,\"height\":960,\"caption\":\"CEPHA\"},\"image\":{\"@id\":\"https:\\\/\\\/cepha-rh.com\\\/nl\\\/#\\\/schema\\\/logo\\\/image\\\/\"},\"sameAs\":[\"https:\\\/\\\/www.facebook.com\\\/cephaservices\\\/?fref=ts\",\"https:\\\/\\\/www.linkedin.com\\\/company-beta\\\/3144963\\\/\"]}]}<\/script>\n<!-- \/ Yoast SEO plugin. -->","yoast_head_json":{"title":"Persoonlijk profiel in onze kantoren - Cepha","description":"Si vous \u00eates curieux(se) de mieux vous conna\u00eetre vraiment gr\u00e2ce \u00e0 notre m\u00e9thodologie, n\u2019h\u00e9sitez pas \u00e0 demander votre profil personnel en nos bureaux.","robots":{"index":"index","follow":"follow","max-snippet":"max-snippet:-1","max-image-preview":"max-image-preview:large","max-video-preview":"max-video-preview:-1"},"canonical":"https:\/\/cepha-rh.com\/nl\/persoonlijk-profiel-in-onze-kantoren\/","og_locale":"nl_NL","og_type":"article","og_title":"Persoonlijk profiel in onze kantoren - Cepha","og_description":"Si vous \u00eates curieux(se) de mieux vous conna\u00eetre vraiment gr\u00e2ce \u00e0 notre m\u00e9thodologie, n\u2019h\u00e9sitez pas \u00e0 demander votre profil personnel en nos bureaux.","og_url":"https:\/\/cepha-rh.com\/nl\/persoonlijk-profiel-in-onze-kantoren\/","og_site_name":"Cepha","article_publisher":"https:\/\/www.facebook.com\/cephaservices\/?fref=ts","article_modified_time":"2017-03-28T10:13:57+00:00","og_image":[{"width":1096,"height":438,"url":"https:\/\/i0.wp.com\/cepha-rh.com\/wp-content\/uploads\/2015\/07\/Fotolia_77947295_S.jpg?fit=1096%2C438&ssl=1","type":"image\/jpeg"}],"twitter_card":"summary_large_image","twitter_misc":{"Geschatte leestijd":"1 minuut"},"schema":{"@context":"https:\/\/schema.org","@graph":[{"@type":"WebPage","@id":"https:\/\/cepha-rh.com\/nl\/persoonlijk-profiel-in-onze-kantoren\/","url":"https:\/\/cepha-rh.com\/nl\/persoonlijk-profiel-in-onze-kantoren\/","name":"Persoonlijk profiel in onze kantoren - Cepha","isPartOf":{"@id":"https:\/\/cepha-rh.com\/nl\/#website"},"primaryImageOfPage":{"@id":"https:\/\/cepha-rh.com\/nl\/persoonlijk-profiel-in-onze-kantoren\/#primaryimage"},"image":{"@id":"https:\/\/cepha-rh.com\/nl\/persoonlijk-profiel-in-onze-kantoren\/#primaryimage"},"thumbnailUrl":"https:\/\/i0.wp.com\/cepha-rh.com\/wp-content\/uploads\/2015\/07\/Fotolia_77947295_S.jpg?fit=1096%2C438&ssl=1","datePublished":"2015-12-18T10:47:41+00:00","dateModified":"2017-03-28T10:13:57+00:00","description":"Si vous \u00eates curieux(se) de mieux vous conna\u00eetre vraiment gr\u00e2ce \u00e0 notre m\u00e9thodologie, n\u2019h\u00e9sitez pas \u00e0 demander votre profil personnel en nos bureaux.","breadcrumb":{"@id":"https:\/\/cepha-rh.com\/nl\/persoonlijk-profiel-in-onze-kantoren\/#breadcrumb"},"inLanguage":"nl-NL","potentialAction":[{"@type":"ReadAction","target":["https:\/\/cepha-rh.com\/nl\/persoonlijk-profiel-in-onze-kantoren\/"]}]},{"@type":"ImageObject","inLanguage":"nl-NL","@id":"https:\/\/cepha-rh.com\/nl\/persoonlijk-profiel-in-onze-kantoren\/#primaryimage","url":"https:\/\/i0.wp.com\/cepha-rh.com\/wp-content\/uploads\/2015\/07\/Fotolia_77947295_S.jpg?fit=1096%2C438&ssl=1","contentUrl":"https:\/\/i0.wp.com\/cepha-rh.com\/wp-content\/uploads\/2015\/07\/Fotolia_77947295_S.jpg?fit=1096%2C438&ssl=1","width":1096,"height":438,"caption":"profil personnel en ligne - \u00e9quipe - bureaux"},{"@type":"BreadcrumbList","@id":"https:\/\/cepha-rh.com\/nl\/persoonlijk-profiel-in-onze-kantoren\/#breadcrumb","itemListElement":[{"@type":"ListItem","position":1,"name":"Accueil","item":"https:\/\/cepha-rh.com\/nl\/"},{"@type":"ListItem","position":2,"name":"Persoonlijk profiel in onze kantoren"}]},{"@type":"WebSite","@id":"https:\/\/cepha-rh.com\/nl\/#website","url":"https:\/\/cepha-rh.com\/nl\/","name":"Cepha","description":"Bureau de conseil en ressources humaines (recrutement, orientation scolaire, etc.) pour les entreprises et les particuliers.","publisher":{"@id":"https:\/\/cepha-rh.com\/nl\/#organization"},"potentialAction":[{"@type":"SearchAction","target":{"@type":"EntryPoint","urlTemplate":"https:\/\/cepha-rh.com\/nl\/?s={search_term_string}"},"query-input":{"@type":"PropertyValueSpecification","valueRequired":true,"valueName":"search_term_string"}}],"inLanguage":"nl-NL"},{"@type":"Organization","@id":"https:\/\/cepha-rh.com\/nl\/#organization","name":"CEPHA","url":"https:\/\/cepha-rh.com\/nl\/","logo":{"@type":"ImageObject","inLanguage":"nl-NL","@id":"https:\/\/cepha-rh.com\/nl\/#\/schema\/logo\/image\/","url":"https:\/\/i0.wp.com\/cepha-rh.com\/wp-content\/uploads\/2017\/05\/12549082_1787445001482828_517501795286682056_n.png?fit=960%2C960&ssl=1","contentUrl":"https:\/\/i0.wp.com\/cepha-rh.com\/wp-content\/uploads\/2017\/05\/12549082_1787445001482828_517501795286682056_n.png?fit=960%2C960&ssl=1","width":960,"height":960,"caption":"CEPHA"},"image":{"@id":"https:\/\/cepha-rh.com\/nl\/#\/schema\/logo\/image\/"},"sameAs":["https:\/\/www.facebook.com\/cephaservices\/?fref=ts","https:\/\/www.linkedin.com\/company-beta\/3144963\/"]}]}},"jetpack_sharing_enabled":true,"jetpack_shortlink":"https:\/\/wp.me\/P8bjF8-PI","jetpack-related-posts":[],"_links":{"self":[{"href":"https:\/\/cepha-rh.com\/nl\/wp-json\/wp\/v2\/pages\/3206","targetHints":{"allow":["GET"]}}],"collection":[{"href":"https:\/\/cepha-rh.com\/nl\/wp-json\/wp\/v2\/pages"}],"about":[{"href":"https:\/\/cepha-rh.com\/nl\/wp-json\/wp\/v2\/types\/page"}],"author":[{"embeddable":true,"href":"https:\/\/cepha-rh.com\/nl\/wp-json\/wp\/v2\/users\/6"}],"replies":[{"embeddable":true,"href":"https:\/\/cepha-rh.com\/nl\/wp-json\/wp\/v2\/comments?post=3206"}],"version-history":[{"count":2,"href":"https:\/\/cepha-rh.com\/nl\/wp-json\/wp\/v2\/pages\/3206\/revisions"}],"predecessor-version":[{"id":3213,"href":"https:\/\/cepha-rh.com\/nl\/wp-json\/wp\/v2\/pages\/3206\/revisions\/3213"}],"wp:featuredmedia":[{"embeddable":true,"href":"https:\/\/cepha-rh.com\/nl\/wp-json\/wp\/v2\/media\/2719"}],"wp:attachment":[{"href":"https:\/\/cepha-rh.com\/nl\/wp-json\/wp\/v2\/media?parent=3206"}],"curies":[{"name":"wp","href":"https:\/\/api.w.org\/{rel}","templated":true}]}}