{"id":3221,"date":"2015-09-03T14:30:51","date_gmt":"2015-09-03T13:30:51","guid":{"rendered":"http:\/\/www.cepha-rh.com\/bien-se-connaitre\/"},"modified":"2017-03-28T11:23:13","modified_gmt":"2017-03-28T10:23:13","slug":"zichzelf-goed-kennen","status":"publish","type":"page","link":"https:\/\/cepha-rh.com\/nl\/zichzelf-goed-kennen\/","title":{"rendered":"Zichzelf goed kennen, is zich verzekeren van een grotere helderheid in zijn levenskeuzes"},"content":{"rendered":"<p style=\"text-align: justify;\"><strong>&#8220;\u0393\u03bd\u1ff6\u03b8\u03b9 \u03c3\u03b5\u03b1\u03c5\u03c4\u03cc\u03bd, \u03bf\u1f55\u03c4\u03c9 \u03b4\u1f74 \u03c4\u1f78\u03bd \u03ba\u03cc\u03c3\u03bc\u03bf\u03bd \u03c4\u03b5 \u03ba\u03b1\u1f76 \u03b8\u03b5\u03bf\u1f7a\u03c2 \u03b3\u03bd\u03ce\u03c3\u1fc3.&#8221;<\/strong><\/p>\n<p><strong>&#8220;Ken uzelve en u zult het universum en de goden kennen.&#8221;<\/strong><\/p>\n<p>Deze spreuk van Socrates (die overgenomen werd door Thales van Milete) bevond zich op het fronton van de tempel van Delphi, daarmee is veel gezegd over het belang ervan.<\/p>\n<p>Het is een spreuk die vaak geciteerd wordt, maar weinig mensen kennen het belang van de inhoud ervan. Zo kan de kennis van de goden en de buitenwereld dus gebeuren door een introspectie in ons binnenste!<\/p>\n<p>Bij CEPHA zijn wij aanhangers van deze filosofie en zijn wij dus van in het begin op zoek gegaan naar de beste middelen om zichzelf te kennen. Hoe doen we dat?<\/p>\n<p>Zou het niet het beste zijn terug te keren naar het meest originele en het meest eenvoudige, dat wat we allemaal ervaren hebben.<\/p>\n<p>Hoe ontdekt een klein kind zijn identiteit? Door in de spiegel te kijken. Zo realiseert het zich beetje bij beetje dat hij het beeld is dat hij in de spiegel ziet. Hij zal alles in het werk stellen om betekenis te geven aan deze replica van zichzelf. Hij zal anderen, zijn ouders, zijn leraren, boeken, filosofie, wetenschappen&#8230; raadplegen.<\/p>\n<p>Onder andere het verwonderen om alles te objectiveren wat men van zichzelf kan denken of wat de anderen over ons kunnen zeggen. Deze wetenschap bestudeert de meest onthullende en de meest authentieke getuige die er is: het GEZICHT en heet de morfo-semiologie. Deze staart de persoon niet aan maar zal deze in tegendeel beschouwen!<\/p>\n<p>De eerste voorwaarde waaraan men wil voldoen wanneer men een auto op een correcte manier wil besturen, is deze goed kennen. Geldt hetzelfde dan niet voor onszelf wanneer we onze persoonlijke, studiegeori\u00ebnteerde, beroepsmatige&#8230; keuzes willen sturen?<\/p>\n<p>Onze methode zal u helpen uw toekomst anders te &#8216;beschouwen&#8217; door enkel beroep te doen op klassieke methodes.<\/p>\n","protected":false},"excerpt":{"rendered":"<p>&#8220;\u0393\u03bd\u1ff6\u03b8\u03b9 \u03c3\u03b5\u03b1\u03c5\u03c4\u03cc\u03bd, \u03bf\u1f55\u03c4\u03c9 \u03b4\u1f74 \u03c4\u1f78\u03bd \u03ba\u03cc\u03c3\u03bc\u03bf\u03bd \u03c4\u03b5 \u03ba\u03b1\u1f76 \u03b8\u03b5\u03bf\u1f7a\u03c2 \u03b3\u03bd\u03ce\u03c3\u1fc3.&#8221; &#8220;Ken uzelve en u zult het universum en de goden kennen.&#8221; Deze spreuk van Socrates (die overgenomen werd door Thales van Milete) bevond zich op het fronton van de tempel van Delphi, daarmee is veel gezegd over het belang ervan. Het is een spreuk die [&hellip;]<\/p>\n","protected":false},"author":6,"featured_media":2640,"parent":0,"menu_order":8,"comment_status":"closed","ping_status":"closed","template":"templates\/page-narrow.php","meta":{"jetpack_post_was_ever_published":false,"footnotes":""},"class_list":["post-3221","page","type-page","status-publish","has-post-thumbnail","hentry"],"yoast_head":"<!-- This site is optimized with the Yoast SEO plugin v27.2 - https:\/\/yoast.com\/product\/yoast-seo-wordpress\/ -->\n<title>Bien se conna\u00eetre, c&#039;est faire des choix de vie plus lucides<\/title>\n<meta name=\"description\" content=\"&quot;Connais-toi toi-m\u00eame et tu conna\u00eetras l&#039;univers et les dieux !&quot; (Socrate) Au CEPHA, nous avons cherch\u00e9 les meilleurs moyens de bien se conna\u00eetre soi-m\u00eame.\" \/>\n<meta name=\"robots\" content=\"index, follow, max-snippet:-1, max-image-preview:large, max-video-preview:-1\" \/>\n<link rel=\"canonical\" href=\"https:\/\/cepha-rh.com\/nl\/zichzelf-goed-kennen\/\" \/>\n<meta property=\"og:locale\" content=\"nl_NL\" \/>\n<meta property=\"og:type\" content=\"article\" \/>\n<meta property=\"og:title\" content=\"Bien se conna\u00eetre, c&#039;est faire des choix de vie plus lucides\" \/>\n<meta property=\"og:description\" content=\"&quot;Connais-toi toi-m\u00eame et tu conna\u00eetras l&#039;univers et les dieux !&quot; (Socrate) Au CEPHA, nous avons cherch\u00e9 les meilleurs moyens de bien se conna\u00eetre soi-m\u00eame.\" \/>\n<meta property=\"og:url\" content=\"https:\/\/cepha-rh.com\/nl\/zichzelf-goed-kennen\/\" \/>\n<meta property=\"og:site_name\" content=\"Cepha\" \/>\n<meta property=\"article:publisher\" content=\"https:\/\/www.facebook.com\/cephaservices\/?fref=ts\" \/>\n<meta property=\"article:modified_time\" content=\"2017-03-28T10:23:13+00:00\" \/>\n<meta property=\"og:image\" content=\"https:\/\/i0.wp.com\/cepha-rh.com\/wp-content\/uploads\/2015\/09\/Capture-d\u2019\u00e9cran-2015-10-28-\u00e0-17.02.47-e1446048262367.png?fit=1021%2C381&ssl=1\" \/>\n\t<meta property=\"og:image:width\" content=\"1021\" \/>\n\t<meta property=\"og:image:height\" content=\"381\" \/>\n\t<meta property=\"og:image:type\" content=\"image\/png\" \/>\n<meta name=\"twitter:card\" content=\"summary_large_image\" \/>\n<meta name=\"twitter:label1\" content=\"Geschatte leestijd\" \/>\n\t<meta name=\"twitter:data1\" content=\"1 minuut\" \/>\n<script type=\"application\/ld+json\" class=\"yoast-schema-graph\">{\"@context\":\"https:\/\/schema.org\",\"@graph\":[{\"@type\":\"WebPage\",\"@id\":\"https:\/\/cepha-rh.com\/nl\/zichzelf-goed-kennen\/\",\"url\":\"https:\/\/cepha-rh.com\/nl\/zichzelf-goed-kennen\/\",\"name\":\"Bien se conna\u00eetre, c'est faire des choix de vie plus lucides\",\"isPartOf\":{\"@id\":\"https:\/\/cepha-rh.com\/nl\/#website\"},\"primaryImageOfPage\":{\"@id\":\"https:\/\/cepha-rh.com\/nl\/zichzelf-goed-kennen\/#primaryimage\"},\"image\":{\"@id\":\"https:\/\/cepha-rh.com\/nl\/zichzelf-goed-kennen\/#primaryimage\"},\"thumbnailUrl\":\"https:\/\/i0.wp.com\/cepha-rh.com\/wp-content\/uploads\/2015\/09\/Capture-d%E2%80%99%C3%A9cran-2015-10-28-%C3%A0-17.02.47-e1446048262367.png?fit=1021%2C381&ssl=1\",\"datePublished\":\"2015-09-03T13:30:51+00:00\",\"dateModified\":\"2017-03-28T10:23:13+00:00\",\"description\":\"\\\"Connais-toi toi-m\u00eame et tu conna\u00eetras l'univers et les dieux !\\\" (Socrate) Au CEPHA, nous avons cherch\u00e9 les meilleurs moyens de bien se conna\u00eetre soi-m\u00eame.\",\"breadcrumb\":{\"@id\":\"https:\/\/cepha-rh.com\/nl\/zichzelf-goed-kennen\/#breadcrumb\"},\"inLanguage\":\"nl-NL\",\"potentialAction\":[{\"@type\":\"ReadAction\",\"target\":[\"https:\/\/cepha-rh.com\/nl\/zichzelf-goed-kennen\/\"]}]},{\"@type\":\"ImageObject\",\"inLanguage\":\"nl-NL\",\"@id\":\"https:\/\/cepha-rh.com\/nl\/zichzelf-goed-kennen\/#primaryimage\",\"url\":\"https:\/\/i0.wp.com\/cepha-rh.com\/wp-content\/uploads\/2015\/09\/Capture-d%E2%80%99%C3%A9cran-2015-10-28-%C3%A0-17.02.47-e1446048262367.png?fit=1021%2C381&ssl=1\",\"contentUrl\":\"https:\/\/i0.wp.com\/cepha-rh.com\/wp-content\/uploads\/2015\/09\/Capture-d%E2%80%99%C3%A9cran-2015-10-28-%C3%A0-17.02.47-e1446048262367.png?fit=1021%2C381&ssl=1\",\"width\":1021,\"height\":381,\"caption\":\"Bien se conna\u00eetre\"},{\"@type\":\"BreadcrumbList\",\"@id\":\"https:\/\/cepha-rh.com\/nl\/zichzelf-goed-kennen\/#breadcrumb\",\"itemListElement\":[{\"@type\":\"ListItem\",\"position\":1,\"name\":\"Accueil\",\"item\":\"https:\/\/cepha-rh.com\/nl\/\"},{\"@type\":\"ListItem\",\"position\":2,\"name\":\"Zichzelf goed kennen, is zich verzekeren van een grotere helderheid in zijn levenskeuzes\"}]},{\"@type\":\"WebSite\",\"@id\":\"https:\/\/cepha-rh.com\/nl\/#website\",\"url\":\"https:\/\/cepha-rh.com\/nl\/\",\"name\":\"Cepha\",\"description\":\"Bureau de conseil en ressources humaines (recrutement, orientation scolaire, etc.) pour les entreprises et les particuliers.\",\"publisher\":{\"@id\":\"https:\/\/cepha-rh.com\/nl\/#organization\"},\"potentialAction\":[{\"@type\":\"SearchAction\",\"target\":{\"@type\":\"EntryPoint\",\"urlTemplate\":\"https:\/\/cepha-rh.com\/nl\/?s={search_term_string}\"},\"query-input\":{\"@type\":\"PropertyValueSpecification\",\"valueRequired\":true,\"valueName\":\"search_term_string\"}}],\"inLanguage\":\"nl-NL\"},{\"@type\":\"Organization\",\"@id\":\"https:\/\/cepha-rh.com\/nl\/#organization\",\"name\":\"CEPHA\",\"url\":\"https:\/\/cepha-rh.com\/nl\/\",\"logo\":{\"@type\":\"ImageObject\",\"inLanguage\":\"nl-NL\",\"@id\":\"https:\/\/cepha-rh.com\/nl\/#\/schema\/logo\/image\/\",\"url\":\"https:\/\/i0.wp.com\/cepha-rh.com\/wp-content\/uploads\/2017\/05\/12549082_1787445001482828_517501795286682056_n.png?fit=960%2C960&ssl=1\",\"contentUrl\":\"https:\/\/i0.wp.com\/cepha-rh.com\/wp-content\/uploads\/2017\/05\/12549082_1787445001482828_517501795286682056_n.png?fit=960%2C960&ssl=1\",\"width\":960,\"height\":960,\"caption\":\"CEPHA\"},\"image\":{\"@id\":\"https:\/\/cepha-rh.com\/nl\/#\/schema\/logo\/image\/\"},\"sameAs\":[\"https:\/\/www.facebook.com\/cephaservices\/?fref=ts\",\"https:\/\/www.linkedin.com\/company-beta\/3144963\/\"]}]}<\/script>\n<!-- \/ Yoast SEO plugin. -->","yoast_head_json":{"title":"Bien se conna\u00eetre, c'est faire des choix de vie plus lucides","description":"\"Connais-toi toi-m\u00eame et tu conna\u00eetras l'univers et les dieux !\" (Socrate) Au CEPHA, nous avons cherch\u00e9 les meilleurs moyens de bien se conna\u00eetre soi-m\u00eame.","robots":{"index":"index","follow":"follow","max-snippet":"max-snippet:-1","max-image-preview":"max-image-preview:large","max-video-preview":"max-video-preview:-1"},"canonical":"https:\/\/cepha-rh.com\/nl\/zichzelf-goed-kennen\/","og_locale":"nl_NL","og_type":"article","og_title":"Bien se conna\u00eetre, c'est faire des choix de vie plus lucides","og_description":"\"Connais-toi toi-m\u00eame et tu conna\u00eetras l'univers et les dieux !\" (Socrate) Au CEPHA, nous avons cherch\u00e9 les meilleurs moyens de bien se conna\u00eetre soi-m\u00eame.","og_url":"https:\/\/cepha-rh.com\/nl\/zichzelf-goed-kennen\/","og_site_name":"Cepha","article_publisher":"https:\/\/www.facebook.com\/cephaservices\/?fref=ts","article_modified_time":"2017-03-28T10:23:13+00:00","og_image":[{"width":1021,"height":381,"url":"https:\/\/i0.wp.com\/cepha-rh.com\/wp-content\/uploads\/2015\/09\/Capture-d\u2019\u00e9cran-2015-10-28-\u00e0-17.02.47-e1446048262367.png?fit=1021%2C381&ssl=1","type":"image\/png"}],"twitter_card":"summary_large_image","twitter_misc":{"Geschatte leestijd":"1 minuut"},"schema":{"@context":"https:\/\/schema.org","@graph":[{"@type":"WebPage","@id":"https:\/\/cepha-rh.com\/nl\/zichzelf-goed-kennen\/","url":"https:\/\/cepha-rh.com\/nl\/zichzelf-goed-kennen\/","name":"Bien se conna\u00eetre, c'est faire des choix de vie plus lucides","isPartOf":{"@id":"https:\/\/cepha-rh.com\/nl\/#website"},"primaryImageOfPage":{"@id":"https:\/\/cepha-rh.com\/nl\/zichzelf-goed-kennen\/#primaryimage"},"image":{"@id":"https:\/\/cepha-rh.com\/nl\/zichzelf-goed-kennen\/#primaryimage"},"thumbnailUrl":"https:\/\/i0.wp.com\/cepha-rh.com\/wp-content\/uploads\/2015\/09\/Capture-d%E2%80%99%C3%A9cran-2015-10-28-%C3%A0-17.02.47-e1446048262367.png?fit=1021%2C381&ssl=1","datePublished":"2015-09-03T13:30:51+00:00","dateModified":"2017-03-28T10:23:13+00:00","description":"\"Connais-toi toi-m\u00eame et tu conna\u00eetras l'univers et les dieux !\" (Socrate) Au CEPHA, nous avons cherch\u00e9 les meilleurs moyens de bien se conna\u00eetre soi-m\u00eame.","breadcrumb":{"@id":"https:\/\/cepha-rh.com\/nl\/zichzelf-goed-kennen\/#breadcrumb"},"inLanguage":"nl-NL","potentialAction":[{"@type":"ReadAction","target":["https:\/\/cepha-rh.com\/nl\/zichzelf-goed-kennen\/"]}]},{"@type":"ImageObject","inLanguage":"nl-NL","@id":"https:\/\/cepha-rh.com\/nl\/zichzelf-goed-kennen\/#primaryimage","url":"https:\/\/i0.wp.com\/cepha-rh.com\/wp-content\/uploads\/2015\/09\/Capture-d%E2%80%99%C3%A9cran-2015-10-28-%C3%A0-17.02.47-e1446048262367.png?fit=1021%2C381&ssl=1","contentUrl":"https:\/\/i0.wp.com\/cepha-rh.com\/wp-content\/uploads\/2015\/09\/Capture-d%E2%80%99%C3%A9cran-2015-10-28-%C3%A0-17.02.47-e1446048262367.png?fit=1021%2C381&ssl=1","width":1021,"height":381,"caption":"Bien se conna\u00eetre"},{"@type":"BreadcrumbList","@id":"https:\/\/cepha-rh.com\/nl\/zichzelf-goed-kennen\/#breadcrumb","itemListElement":[{"@type":"ListItem","position":1,"name":"Accueil","item":"https:\/\/cepha-rh.com\/nl\/"},{"@type":"ListItem","position":2,"name":"Zichzelf goed kennen, is zich verzekeren van een grotere helderheid in zijn levenskeuzes"}]},{"@type":"WebSite","@id":"https:\/\/cepha-rh.com\/nl\/#website","url":"https:\/\/cepha-rh.com\/nl\/","name":"Cepha","description":"Bureau de conseil en ressources humaines (recrutement, orientation scolaire, etc.) pour les entreprises et les particuliers.","publisher":{"@id":"https:\/\/cepha-rh.com\/nl\/#organization"},"potentialAction":[{"@type":"SearchAction","target":{"@type":"EntryPoint","urlTemplate":"https:\/\/cepha-rh.com\/nl\/?s={search_term_string}"},"query-input":{"@type":"PropertyValueSpecification","valueRequired":true,"valueName":"search_term_string"}}],"inLanguage":"nl-NL"},{"@type":"Organization","@id":"https:\/\/cepha-rh.com\/nl\/#organization","name":"CEPHA","url":"https:\/\/cepha-rh.com\/nl\/","logo":{"@type":"ImageObject","inLanguage":"nl-NL","@id":"https:\/\/cepha-rh.com\/nl\/#\/schema\/logo\/image\/","url":"https:\/\/i0.wp.com\/cepha-rh.com\/wp-content\/uploads\/2017\/05\/12549082_1787445001482828_517501795286682056_n.png?fit=960%2C960&ssl=1","contentUrl":"https:\/\/i0.wp.com\/cepha-rh.com\/wp-content\/uploads\/2017\/05\/12549082_1787445001482828_517501795286682056_n.png?fit=960%2C960&ssl=1","width":960,"height":960,"caption":"CEPHA"},"image":{"@id":"https:\/\/cepha-rh.com\/nl\/#\/schema\/logo\/image\/"},"sameAs":["https:\/\/www.facebook.com\/cephaservices\/?fref=ts","https:\/\/www.linkedin.com\/company-beta\/3144963\/"]}]}},"jetpack_sharing_enabled":true,"jetpack_shortlink":"https:\/\/wp.me\/P8bjF8-PX","jetpack-related-posts":[],"_links":{"self":[{"href":"https:\/\/cepha-rh.com\/nl\/wp-json\/wp\/v2\/pages\/3221","targetHints":{"allow":["GET"]}}],"collection":[{"href":"https:\/\/cepha-rh.com\/nl\/wp-json\/wp\/v2\/pages"}],"about":[{"href":"https:\/\/cepha-rh.com\/nl\/wp-json\/wp\/v2\/types\/page"}],"author":[{"embeddable":true,"href":"https:\/\/cepha-rh.com\/nl\/wp-json\/wp\/v2\/users\/6"}],"replies":[{"embeddable":true,"href":"https:\/\/cepha-rh.com\/nl\/wp-json\/wp\/v2\/comments?post=3221"}],"version-history":[{"count":2,"href":"https:\/\/cepha-rh.com\/nl\/wp-json\/wp\/v2\/pages\/3221\/revisions"}],"predecessor-version":[{"id":3223,"href":"https:\/\/cepha-rh.com\/nl\/wp-json\/wp\/v2\/pages\/3221\/revisions\/3223"}],"wp:featuredmedia":[{"embeddable":true,"href":"https:\/\/cepha-rh.com\/nl\/wp-json\/wp\/v2\/media\/2640"}],"wp:attachment":[{"href":"https:\/\/cepha-rh.com\/nl\/wp-json\/wp\/v2\/media?parent=3221"}],"curies":[{"name":"wp","href":"https:\/\/api.w.org\/{rel}","templated":true}]}}